{"id":20589,"date":"2024-06-07T08:20:54","date_gmt":"2024-06-07T06:20:54","guid":{"rendered":"https:\/\/www.chisagepolska.pl\/?page_id=20589"},"modified":"2024-08-09T09:38:56","modified_gmt":"2024-08-09T07:38:56","slug":"grid-tie-inverter","status":"publish","type":"page","link":"https:\/\/es.chisagess.com\/index.php\/grid-tie-inverter\/","title":{"rendered":"Falownik Sieciowy"},"content":{"rendered":"\t\t<div data-elementor-type=\"wp-page\" data-elementor-id=\"20589\" class=\"elementor elementor-20589\" data-elementor-post-type=\"page\">\n\t\t\t\t<div class=\"elementor-element elementor-element-adaed4b e-con-full e-flex e-con e-parent\" data-id=\"adaed4b\" data-element_type=\"container\" data-e-type=\"container\">\n\t\t\t\t<div class=\"elementor-element elementor-element-5e053cd elementor-widget elementor-widget-heading\" data-id=\"5e053cd\" data-element_type=\"widget\" data-e-type=\"widget\" data-widget_type=\"heading.default\">\n\t\t\t\t<div class=\"elementor-widget-container\">\n\t\t\t\t\t<h1 class=\"elementor-heading-title elementor-size-default\">Falownik Sieciowy<\/h1>\t\t\t\t<\/div>\n\t\t\t\t<\/div>\n\t\t\t\t<div class=\"elementor-element elementor-element-a48308a elementor-widget elementor-widget-text-editor\" data-id=\"a48308a\" data-element_type=\"widget\" data-e-type=\"widget\" data-widget_type=\"text-editor.default\">\n\t\t\t\t<div class=\"elementor-widget-container\">\n\t\t\t\t\t\t\t\t\t<p>CHISAGE ESS zawsze by\u0142 liderem innowacji energetycznych, dostarczaj\u0105c klientom wysokiej jako\u015bci inwertery sieciowe. Nasze inwertery sieciowe s\u0105 dost\u0119pne w szerokim zakresie pasm mocy, obejmuj\u0105cych jednofazowe 3kW-6kW i tr\u00f3jfazowe 3kW-110kW. Te inwertery sieciowe s\u0105 obj\u0119te pi\u0119cioletni\u0105 gwarancj\u0105, wysokim stopniem ochrony IP66, wysok\u0105 wydajno\u015bci\u0105 konwersji, wysokim pr\u0105dem wej\u015bciowym PV i niskim napi\u0119ciem rozruchowym PV, co umo\u017cliwia im szybkie generowanie energii i utrzymanie wydajnej i stabilnej pracy w kr\u00f3tkim czasie. Tymczasem nasze inwertery sieciowe obs\u0142uguj\u0105 r\u00f3wnie\u017c funkcj\u0119 komunikacji Bluetooth, co pomaga \u0142atwiej ustawia\u0107 i monitorowa\u0107 parametry inwertera.<\/p><p>Inwertery sieciowe CHISAGE ESS s\u0105 w pe\u0142ni wykwalifikowane z r\u00f3\u017cnymi certyfikatami i nadaj\u0105 si\u0119 do dom\u00f3w, sklep\u00f3w, fabryk, szpitali, gospodarstw rolnych i innych scenariuszy, kt\u00f3re s\u0105 preferowane przez r\u00f3\u017cne kraje i klient\u00f3w. Niezale\u017cnie od tego, czy chcesz zapewni\u0107 zr\u00f3wnowa\u017con\u0105 i czyst\u0105 energi\u0119 dla swojego domu, czy obni\u017cy\u0107 koszty produkcji energii dla swojej firmy, mamy dostosowane rozwi\u0105zanie sieciowe, kt\u00f3re spe\u0142ni Twoje potrzeby.<\/p><p>Je\u015bli jeste\u015b zainteresowany naszymi falownikami sieciowymi lub potrzebujesz wi\u0119cej informacji, skontaktuj si\u0119 z naszym zespo\u0142em sprzeda\u017cy. Ch\u0119tnie udzielimy Ci wsparcia!<\/p>\t\t\t\t\t\t\t\t<\/div>\n\t\t\t\t<\/div>\n\t\t\t\t<\/div>\n\t\t<div class=\"elementor-element elementor-element-1ddce15 e-flex e-con-boxed e-con e-parent\" data-id=\"1ddce15\" data-element_type=\"container\" data-e-type=\"container\" data-settings=\"{&quot;background_background&quot;:&quot;gradient&quot;}\">\n\t\t\t\t\t<div class=\"e-con-inner\">\n\t\t<div class=\"elementor-element elementor-element-c4aaf4b e-con-full e-flex e-con e-child\" data-id=\"c4aaf4b\" data-element_type=\"container\" data-e-type=\"container\">\n\t\t\t\t<div class=\"elementor-element elementor-element-4e5e212 e-transform elementor-widget elementor-widget-image\" data-id=\"4e5e212\" data-element_type=\"widget\" data-e-type=\"widget\" data-settings=\"{&quot;_transform_scale_effect_hover&quot;:{&quot;unit&quot;:&quot;px&quot;,&quot;size&quot;:0.9,&quot;sizes&quot;:[]},&quot;_transform_scale_effect_hover_tablet&quot;:{&quot;unit&quot;:&quot;px&quot;,&quot;size&quot;:&quot;&quot;,&quot;sizes&quot;:[]},&quot;_transform_scale_effect_hover_mobile&quot;:{&quot;unit&quot;:&quot;px&quot;,&quot;size&quot;:&quot;&quot;,&quot;sizes&quot;:[]}}\" data-widget_type=\"image.default\">\n\t\t\t\t<div class=\"elementor-widget-container\">\n\t\t\t\t\t\t\t\t\t\t\t\t\t\t\t\t<a href=\"https:\/\/es.chisagess.com\/index.php\/products\/grid-tie-inverter-ce-1p3-6keg\/\">\n\t\t\t\t\t\t\t<img fetchpriority=\"high\" decoding=\"async\" width=\"1000\" height=\"1000\" src=\"https:\/\/es.chisagess.com\/wp-content\/uploads\/2024\/06\/CHISAGE-ESS-CE1P3-6KEG-Grid-Tie-Inverter-Product-Pictures-01.jpg\" class=\"attachment-large size-large wp-image-20566\" alt=\"\" srcset=\"https:\/\/es.chisagess.com\/wp-content\/uploads\/2024\/06\/CHISAGE-ESS-CE1P3-6KEG-Grid-Tie-Inverter-Product-Pictures-01.jpg 1000w, https:\/\/es.chisagess.com\/wp-content\/uploads\/2024\/06\/CHISAGE-ESS-CE1P3-6KEG-Grid-Tie-Inverter-Product-Pictures-01-300x300.jpg 300w, https:\/\/es.chisagess.com\/wp-content\/uploads\/2024\/06\/CHISAGE-ESS-CE1P3-6KEG-Grid-Tie-Inverter-Product-Pictures-01-150x150.jpg 150w, https:\/\/es.chisagess.com\/wp-content\/uploads\/2024\/06\/CHISAGE-ESS-CE1P3-6KEG-Grid-Tie-Inverter-Product-Pictures-01-768x768.jpg 768w\" sizes=\"(max-width: 1000px) 100vw, 1000px\" \/>\t\t\t\t\t\t\t\t<\/a>\n\t\t\t\t\t\t\t\t\t\t\t\t\t\t\t<\/div>\n\t\t\t\t<\/div>\n\t\t\t\t<div class=\"elementor-element elementor-element-44cc059 elementor-widget elementor-widget-heading\" data-id=\"44cc059\" data-element_type=\"widget\" data-e-type=\"widget\" data-widget_type=\"heading.default\">\n\t\t\t\t<div class=\"elementor-widget-container\">\n\t\t\t\t\t<h5 class=\"elementor-heading-title elementor-size-default\">CE-1P3-6KEG\n<\/h5>\t\t\t\t<\/div>\n\t\t\t\t<\/div>\n\t\t\t\t<div class=\"elementor-element elementor-element-775a56f elementor-widget elementor-widget-text-editor\" data-id=\"775a56f\" data-element_type=\"widget\" data-e-type=\"widget\" data-widget_type=\"text-editor.default\">\n\t\t\t\t<div class=\"elementor-widget-container\">\n\t\t\t\t\t\t\t\t\t<p>Jednofazowy falownik sieciowy 3-6 kW<\/p>\t\t\t\t\t\t\t\t<\/div>\n\t\t\t\t<\/div>\n\t\t\t\t<div class=\"elementor-element elementor-element-18108e5 e-transform elementor-widget elementor-widget-image\" data-id=\"18108e5\" data-element_type=\"widget\" data-e-type=\"widget\" data-settings=\"{&quot;_transform_scale_effect_hover&quot;:{&quot;unit&quot;:&quot;px&quot;,&quot;size&quot;:0.9,&quot;sizes&quot;:[]},&quot;_transform_scale_effect_hover_tablet&quot;:{&quot;unit&quot;:&quot;px&quot;,&quot;size&quot;:&quot;&quot;,&quot;sizes&quot;:[]},&quot;_transform_scale_effect_hover_mobile&quot;:{&quot;unit&quot;:&quot;px&quot;,&quot;size&quot;:&quot;&quot;,&quot;sizes&quot;:[]}}\" data-widget_type=\"image.default\">\n\t\t\t\t<div class=\"elementor-widget-container\">\n\t\t\t\t\t\t\t\t\t\t\t\t\t\t\t\t<a href=\"https:\/\/es.chisagess.com\/index.php\/products\/grid-tie-inverter-ce-3p40-60keg\/\">\n\t\t\t\t\t\t\t<img decoding=\"async\" width=\"1000\" height=\"1000\" src=\"https:\/\/es.chisagess.com\/wp-content\/uploads\/2024\/06\/CHISAGE-ESS-CE-3P40-60KEG-Grid-Tie-Inverter-Product-Pictures-01.jpg\" class=\"attachment-large size-large wp-image-20591\" alt=\"\" srcset=\"https:\/\/es.chisagess.com\/wp-content\/uploads\/2024\/06\/CHISAGE-ESS-CE-3P40-60KEG-Grid-Tie-Inverter-Product-Pictures-01.jpg 1000w, https:\/\/es.chisagess.com\/wp-content\/uploads\/2024\/06\/CHISAGE-ESS-CE-3P40-60KEG-Grid-Tie-Inverter-Product-Pictures-01-300x300.jpg 300w, https:\/\/es.chisagess.com\/wp-content\/uploads\/2024\/06\/CHISAGE-ESS-CE-3P40-60KEG-Grid-Tie-Inverter-Product-Pictures-01-150x150.jpg 150w, https:\/\/es.chisagess.com\/wp-content\/uploads\/2024\/06\/CHISAGE-ESS-CE-3P40-60KEG-Grid-Tie-Inverter-Product-Pictures-01-768x768.jpg 768w\" sizes=\"(max-width: 1000px) 100vw, 1000px\" \/>\t\t\t\t\t\t\t\t<\/a>\n\t\t\t\t\t\t\t\t\t\t\t\t\t\t\t<\/div>\n\t\t\t\t<\/div>\n\t\t\t\t<div class=\"elementor-element elementor-element-0bd38ec elementor-widget elementor-widget-heading\" data-id=\"0bd38ec\" data-element_type=\"widget\" data-e-type=\"widget\" data-widget_type=\"heading.default\">\n\t\t\t\t<div class=\"elementor-widget-container\">\n\t\t\t\t\t<h5 class=\"elementor-heading-title elementor-size-default\">CE-3P40-60KEG\n<\/h5>\t\t\t\t<\/div>\n\t\t\t\t<\/div>\n\t\t\t\t<div class=\"elementor-element elementor-element-787482d elementor-widget elementor-widget-text-editor\" data-id=\"787482d\" data-element_type=\"widget\" data-e-type=\"widget\" data-widget_type=\"text-editor.default\">\n\t\t\t\t<div class=\"elementor-widget-container\">\n\t\t\t\t\t\t\t\t\t<p>Tr\u00f3jfazowy falownik sieciowy 40-60 kW<\/p>\t\t\t\t\t\t\t\t<\/div>\n\t\t\t\t<\/div>\n\t\t\t\t<\/div>\n\t\t<div class=\"elementor-element elementor-element-fa017b1 e-con-full e-flex e-con e-child\" data-id=\"fa017b1\" data-element_type=\"container\" data-e-type=\"container\">\n\t\t\t\t<div class=\"elementor-element elementor-element-e9d362d e-transform elementor-widget elementor-widget-image\" data-id=\"e9d362d\" data-element_type=\"widget\" data-e-type=\"widget\" data-settings=\"{&quot;_transform_scale_effect_hover&quot;:{&quot;unit&quot;:&quot;px&quot;,&quot;size&quot;:0.9,&quot;sizes&quot;:[]},&quot;_transform_scale_effect_hover_tablet&quot;:{&quot;unit&quot;:&quot;px&quot;,&quot;size&quot;:&quot;&quot;,&quot;sizes&quot;:[]},&quot;_transform_scale_effect_hover_mobile&quot;:{&quot;unit&quot;:&quot;px&quot;,&quot;size&quot;:&quot;&quot;,&quot;sizes&quot;:[]}}\" data-widget_type=\"image.default\">\n\t\t\t\t<div class=\"elementor-widget-container\">\n\t\t\t\t\t\t\t\t\t\t\t\t\t\t\t\t<a href=\"https:\/\/es.chisagess.com\/index.php\/products\/grid-tie-inverter-ce-3p8-20keg\/\">\n\t\t\t\t\t\t\t<img decoding=\"async\" width=\"1000\" height=\"1000\" src=\"https:\/\/es.chisagess.com\/wp-content\/uploads\/2024\/06\/CHISAGE-ESS-CE-3P8-20KEG-Grid-Tie-Inverter-Product-Pictures-01-2.jpg\" class=\"attachment-large size-large wp-image-20592\" alt=\"\" srcset=\"https:\/\/es.chisagess.com\/wp-content\/uploads\/2024\/06\/CHISAGE-ESS-CE-3P8-20KEG-Grid-Tie-Inverter-Product-Pictures-01-2.jpg 1000w, https:\/\/es.chisagess.com\/wp-content\/uploads\/2024\/06\/CHISAGE-ESS-CE-3P8-20KEG-Grid-Tie-Inverter-Product-Pictures-01-2-300x300.jpg 300w, https:\/\/es.chisagess.com\/wp-content\/uploads\/2024\/06\/CHISAGE-ESS-CE-3P8-20KEG-Grid-Tie-Inverter-Product-Pictures-01-2-150x150.jpg 150w, https:\/\/es.chisagess.com\/wp-content\/uploads\/2024\/06\/CHISAGE-ESS-CE-3P8-20KEG-Grid-Tie-Inverter-Product-Pictures-01-2-768x768.jpg 768w\" sizes=\"(max-width: 1000px) 100vw, 1000px\" \/>\t\t\t\t\t\t\t\t<\/a>\n\t\t\t\t\t\t\t\t\t\t\t\t\t\t\t<\/div>\n\t\t\t\t<\/div>\n\t\t\t\t<div class=\"elementor-element elementor-element-b1752d4 elementor-widget elementor-widget-heading\" data-id=\"b1752d4\" data-element_type=\"widget\" data-e-type=\"widget\" data-widget_type=\"heading.default\">\n\t\t\t\t<div class=\"elementor-widget-container\">\n\t\t\t\t\t<h5 class=\"elementor-heading-title elementor-size-default\">CE-3P8-20KEG\n<\/h5>\t\t\t\t<\/div>\n\t\t\t\t<\/div>\n\t\t\t\t<div class=\"elementor-element elementor-element-752b9a5 elementor-widget elementor-widget-text-editor\" data-id=\"752b9a5\" data-element_type=\"widget\" data-e-type=\"widget\" data-widget_type=\"text-editor.default\">\n\t\t\t\t<div class=\"elementor-widget-container\">\n\t\t\t\t\t\t\t\t\t<div class=\"col-sm-6 col-md-4 paddBottom30\"><div class=\"c1ProductBox text-center\"><div class=\"c1ProductContent\"><div class=\"c1ProductText\"><p>Tr\u00f3jfazowy inwerter sieciowy 8-20 kW<\/p><\/div><\/div><\/div><\/div>\t\t\t\t\t\t\t\t<\/div>\n\t\t\t\t<\/div>\n\t\t\t\t<div class=\"elementor-element elementor-element-0b49299 e-transform elementor-widget elementor-widget-image\" data-id=\"0b49299\" data-element_type=\"widget\" data-e-type=\"widget\" data-settings=\"{&quot;_transform_scale_effect_hover&quot;:{&quot;unit&quot;:&quot;px&quot;,&quot;size&quot;:0.9,&quot;sizes&quot;:[]},&quot;_transform_scale_effect_hover_tablet&quot;:{&quot;unit&quot;:&quot;px&quot;,&quot;size&quot;:&quot;&quot;,&quot;sizes&quot;:[]},&quot;_transform_scale_effect_hover_mobile&quot;:{&quot;unit&quot;:&quot;px&quot;,&quot;size&quot;:&quot;&quot;,&quot;sizes&quot;:[]}}\" data-widget_type=\"image.default\">\n\t\t\t\t<div class=\"elementor-widget-container\">\n\t\t\t\t\t\t\t\t\t\t\t\t\t\t\t\t<a href=\"https:\/\/es.chisagess.com\/index.php\/products\/grid-tie-inverter-ce-3p75-110keg\/\">\n\t\t\t\t\t\t\t<img loading=\"lazy\" decoding=\"async\" width=\"1000\" height=\"1000\" src=\"https:\/\/es.chisagess.com\/wp-content\/uploads\/2024\/06\/CHISAGE-ESS-CE-3P75-110KEG-Grid-Tie-Inverter-Product-Pictures-01.jpg\" class=\"attachment-large size-large wp-image-20593\" alt=\"\" srcset=\"https:\/\/es.chisagess.com\/wp-content\/uploads\/2024\/06\/CHISAGE-ESS-CE-3P75-110KEG-Grid-Tie-Inverter-Product-Pictures-01.jpg 1000w, https:\/\/es.chisagess.com\/wp-content\/uploads\/2024\/06\/CHISAGE-ESS-CE-3P75-110KEG-Grid-Tie-Inverter-Product-Pictures-01-300x300.jpg 300w, https:\/\/es.chisagess.com\/wp-content\/uploads\/2024\/06\/CHISAGE-ESS-CE-3P75-110KEG-Grid-Tie-Inverter-Product-Pictures-01-150x150.jpg 150w, https:\/\/es.chisagess.com\/wp-content\/uploads\/2024\/06\/CHISAGE-ESS-CE-3P75-110KEG-Grid-Tie-Inverter-Product-Pictures-01-768x768.jpg 768w\" sizes=\"(max-width: 1000px) 100vw, 1000px\" \/>\t\t\t\t\t\t\t\t<\/a>\n\t\t\t\t\t\t\t\t\t\t\t\t\t\t\t<\/div>\n\t\t\t\t<\/div>\n\t\t\t\t<div class=\"elementor-element elementor-element-cac0516 elementor-widget elementor-widget-heading\" data-id=\"cac0516\" data-element_type=\"widget\" data-e-type=\"widget\" data-widget_type=\"heading.default\">\n\t\t\t\t<div class=\"elementor-widget-container\">\n\t\t\t\t\t<h5 class=\"elementor-heading-title elementor-size-default\">CE-3P75-110KEG\n<\/h5>\t\t\t\t<\/div>\n\t\t\t\t<\/div>\n\t\t\t\t<div class=\"elementor-element elementor-element-6ba3735 elementor-widget elementor-widget-text-editor\" data-id=\"6ba3735\" data-element_type=\"widget\" data-e-type=\"widget\" data-widget_type=\"text-editor.default\">\n\t\t\t\t<div class=\"elementor-widget-container\">\n\t\t\t\t\t\t\t\t\t<p>Tr\u00f3jfazowy falownik sieciowy 75-110 kW<\/p>\t\t\t\t\t\t\t\t<\/div>\n\t\t\t\t<\/div>\n\t\t\t\t<\/div>\n\t\t<div class=\"elementor-element elementor-element-726a8fa e-con-full e-flex e-con e-child\" data-id=\"726a8fa\" data-element_type=\"container\" data-e-type=\"container\">\n\t\t\t\t<div class=\"elementor-element elementor-element-90a3b51 e-transform elementor-widget elementor-widget-image\" data-id=\"90a3b51\" data-element_type=\"widget\" data-e-type=\"widget\" data-settings=\"{&quot;_transform_scale_effect_hover&quot;:{&quot;unit&quot;:&quot;px&quot;,&quot;size&quot;:0.9,&quot;sizes&quot;:[]},&quot;_transform_scale_effect_hover_tablet&quot;:{&quot;unit&quot;:&quot;px&quot;,&quot;size&quot;:&quot;&quot;,&quot;sizes&quot;:[]},&quot;_transform_scale_effect_hover_mobile&quot;:{&quot;unit&quot;:&quot;px&quot;,&quot;size&quot;:&quot;&quot;,&quot;sizes&quot;:[]}}\" data-widget_type=\"image.default\">\n\t\t\t\t<div class=\"elementor-widget-container\">\n\t\t\t\t\t\t\t\t\t\t\t\t\t\t\t\t<a href=\"https:\/\/es.chisagess.com\/index.php\/products\/grid-tie-inverter-ce-3p22-30keg\/\">\n\t\t\t\t\t\t\t<img loading=\"lazy\" decoding=\"async\" width=\"1000\" height=\"1000\" src=\"https:\/\/es.chisagess.com\/wp-content\/uploads\/2024\/06\/CHISAGE-ESS-CE-3P22-30KEG-Grid-Tie-Inverter-Product-Pictures-01.jpg\" class=\"attachment-large size-large wp-image-20594\" alt=\"\" srcset=\"https:\/\/es.chisagess.com\/wp-content\/uploads\/2024\/06\/CHISAGE-ESS-CE-3P22-30KEG-Grid-Tie-Inverter-Product-Pictures-01.jpg 1000w, https:\/\/es.chisagess.com\/wp-content\/uploads\/2024\/06\/CHISAGE-ESS-CE-3P22-30KEG-Grid-Tie-Inverter-Product-Pictures-01-300x300.jpg 300w, https:\/\/es.chisagess.com\/wp-content\/uploads\/2024\/06\/CHISAGE-ESS-CE-3P22-30KEG-Grid-Tie-Inverter-Product-Pictures-01-150x150.jpg 150w, https:\/\/es.chisagess.com\/wp-content\/uploads\/2024\/06\/CHISAGE-ESS-CE-3P22-30KEG-Grid-Tie-Inverter-Product-Pictures-01-768x768.jpg 768w\" sizes=\"(max-width: 1000px) 100vw, 1000px\" \/>\t\t\t\t\t\t\t\t<\/a>\n\t\t\t\t\t\t\t\t\t\t\t\t\t\t\t<\/div>\n\t\t\t\t<\/div>\n\t\t\t\t<div class=\"elementor-element elementor-element-d4dcf86 elementor-widget elementor-widget-heading\" data-id=\"d4dcf86\" data-element_type=\"widget\" data-e-type=\"widget\" data-widget_type=\"heading.default\">\n\t\t\t\t<div class=\"elementor-widget-container\">\n\t\t\t\t\t<h5 class=\"elementor-heading-title elementor-size-default\">CE-3P22-30KEG\n<\/h5>\t\t\t\t<\/div>\n\t\t\t\t<\/div>\n\t\t\t\t<div class=\"elementor-element elementor-element-b7275be elementor-widget elementor-widget-text-editor\" data-id=\"b7275be\" data-element_type=\"widget\" data-e-type=\"widget\" data-widget_type=\"text-editor.default\">\n\t\t\t\t<div class=\"elementor-widget-container\">\n\t\t\t\t\t\t\t\t\t<div class=\"col-sm-6 col-md-4 paddBottom30\"><div class=\"c1ProductBox text-center\"><div class=\"c1ProductContent\"><div class=\"c1ProductText\"><p>Tr\u00f3jfazowy falownik sieciowy 22-30 kW<\/p><\/div><\/div><\/div><\/div>\t\t\t\t\t\t\t\t<\/div>\n\t\t\t\t<\/div>\n\t\t\t\t<\/div>\n\t\t\t\t\t<\/div>\n\t\t\t\t<\/div>\n\t\t\t\t<section class=\"elementor-section elementor-top-section elementor-element elementor-element-9cp1p24 elementor-section-content-middle elementor-section-boxed elementor-section-height-default elementor-section-height-default\" data-id=\"9cp1p24\" data-element_type=\"section\" data-e-type=\"section\" data-settings=\"{&quot;background_background&quot;:&quot;classic&quot;}\">\n\t\t\t\t\t\t\t<div class=\"elementor-background-overlay\"><\/div>\n\t\t\t\t\t\t\t<div class=\"elementor-container elementor-column-gap-default\">\n\t\t\t\t\t<div class=\"elementor-column elementor-col-50 elementor-top-column elementor-element elementor-element-4e4c592\" data-id=\"4e4c592\" data-element_type=\"column\" data-e-type=\"column\" data-settings=\"{&quot;background_background&quot;:&quot;classic&quot;}\">\n\t\t\t<div class=\"elementor-widget-wrap elementor-element-populated\">\n\t\t\t\t\t<div class=\"elementor-background-overlay\"><\/div>\n\t\t\t\t\t\t<div class=\"elementor-element elementor-element-81b42e4 e-transform elementor-widget elementor-widget-heading\" data-id=\"81b42e4\" data-element_type=\"widget\" data-e-type=\"widget\" data-settings=\"{&quot;_transform_rotateZ_effect&quot;:{&quot;unit&quot;:&quot;px&quot;,&quot;size&quot;:&quot;&quot;,&quot;sizes&quot;:[]},&quot;_transform_rotateZ_effect_tablet&quot;:{&quot;unit&quot;:&quot;deg&quot;,&quot;size&quot;:&quot;&quot;,&quot;sizes&quot;:[]},&quot;_transform_rotateZ_effect_mobile&quot;:{&quot;unit&quot;:&quot;deg&quot;,&quot;size&quot;:&quot;&quot;,&quot;sizes&quot;:[]}}\" data-widget_type=\"heading.default\">\n\t\t\t\t<div class=\"elementor-widget-container\">\n\t\t\t\t\t<h5 class=\"elementor-heading-title elementor-size-default\"><a href=\"https:\/\/es.chisagess.com\/index.php\/contact-us\/\">Rozszerzony serwis gwarancyjny<\/a><\/h5>\t\t\t\t<\/div>\n\t\t\t\t<\/div>\n\t\t\t\t<div class=\"elementor-element elementor-element-6ca1df4 elementor-widget elementor-widget-text-editor\" data-id=\"6ca1df4\" data-element_type=\"widget\" data-e-type=\"widget\" data-widget_type=\"text-editor.default\">\n\t\t\t\t<div class=\"elementor-widget-container\">\n\t\t\t\t\t\t\t\t\t<p>Na indywidualnie falownik i akumulator udzielamy podstawowej gwarancji; niekt\u00f3re produkty obs\u0142uguj\u0105 rozszerzon\u0105 gwarancj\u0119. Aby uzyska\u0107 szczeg\u00f3\u0142owe informacje, skontaktuj si\u0119 z nami.<\/p>\t\t\t\t\t\t\t\t<\/div>\n\t\t\t\t<\/div>\n\t\t\t\t\t<\/div>\n\t\t<\/div>\n\t\t\t\t<div class=\"elementor-column elementor-col-50 elementor-top-column elementor-element elementor-element-a2f4a09\" data-id=\"a2f4a09\" data-element_type=\"column\" data-e-type=\"column\" data-settings=\"{&quot;background_background&quot;:&quot;classic&quot;}\">\n\t\t\t<div class=\"elementor-widget-wrap elementor-element-populated\">\n\t\t\t\t\t<div class=\"elementor-background-overlay\"><\/div>\n\t\t\t\t\t\t<div class=\"elementor-element elementor-element-b83592e elementor-widget elementor-widget-heading\" data-id=\"b83592e\" data-element_type=\"widget\" data-e-type=\"widget\" data-widget_type=\"heading.default\">\n\t\t\t\t<div class=\"elementor-widget-container\">\n\t\t\t\t\t<h5 class=\"elementor-heading-title elementor-size-default\"><a href=\"https:\/\/es.chisagess.com\/index.php\/contact-us\/\">Serwis pogwarancyjny<\/a><\/h5>\t\t\t\t<\/div>\n\t\t\t\t<\/div>\n\t\t\t\t<div class=\"elementor-element elementor-element-846d2f3 elementor-widget elementor-widget-text-editor\" data-id=\"846d2f3\" data-element_type=\"widget\" data-e-type=\"widget\" data-widget_type=\"text-editor.default\">\n\t\t\t\t<div class=\"elementor-widget-container\">\n\t\t\t\t\t\t\t\t\t<p>Zapewniamy lokalne wsparcie techniczne, w tym pr\u00f3bki testowe, szkolenia dotycz\u0105ce produkt\u00f3w; przez pierwsze sze\u015b\u0107 miesi\u0119cy zapewniamy bezp\u0142atn\u0105 wymian\u0119 nowych jednostek, w okresie gwarancyjnym zapewniamy bezp\u0142atn\u0105 wymian\u0119 cz\u0119\u015bci zamiennych.<\/p>\t\t\t\t\t\t\t\t<\/div>\n\t\t\t\t<\/div>\n\t\t\t\t\t<\/div>\n\t\t<\/div>\n\t\t\t\t\t<\/div>\n\t\t<\/section>\n\t\t\t\t<\/div>\n\t\t","protected":false},"excerpt":{"rendered":"<p>Falownik Sieciowy CHISAGE ESS zawsze by\u0142 liderem innowa [&hellip;]<\/p>\n","protected":false},"author":1,"featured_media":0,"parent":0,"menu_order":0,"comment_status":"closed","ping_status":"closed","template":"","meta":{"site-sidebar-layout":"no-sidebar","site-content-layout":"page-builder","ast-site-content-layout":"full-width-container","site-content-style":"unboxed","site-sidebar-style":"unboxed","ast-global-header-display":"","ast-banner-title-visibility":"","ast-main-header-display":"","ast-hfb-above-header-display":"","ast-hfb-below-header-display":"","ast-hfb-mobile-header-display":"","site-post-title":"disabled","ast-breadcrumbs-content":"disabled","ast-featured-img":"disabled","footer-sml-layout":"","ast-disable-related-posts":"","theme-transparent-header-meta":"enabled","adv-header-id-meta":"","stick-header-meta":"default","header-above-stick-meta":"","header-main-stick-meta":"","header-below-stick-meta":"","astra-migrate-meta-layouts":"set","ast-page-background-enabled":"default","ast-page-background-meta":{"desktop":{"background-color":"","background-image":"","background-repeat":"repeat","background-position":"center center","background-size":"auto","background-attachment":"scroll","background-type":"","background-media":"","overlay-type":"","overlay-color":"","overlay-opacity":"","overlay-gradient":""},"tablet":{"background-color":"","background-image":"","background-repeat":"repeat","background-position":"center center","background-size":"auto","background-attachment":"scroll","background-type":"","background-media":"","overlay-type":"","overlay-color":"","overlay-opacity":"","overlay-gradient":""},"mobile":{"background-color":"","background-image":"","background-repeat":"repeat","background-position":"center center","background-size":"auto","background-attachment":"scroll","background-type":"","background-media":"","overlay-type":"","overlay-color":"","overlay-opacity":"","overlay-gradient":""}},"ast-content-background-meta":{"desktop":{"background-color":"var(--ast-global-color-5)","background-image":"","background-repeat":"repeat","background-position":"center center","background-size":"auto","background-attachment":"scroll","background-type":"","background-media":"","overlay-type":"","overlay-color":"","overlay-opacity":"","overlay-gradient":""},"tablet":{"background-color":"var(--ast-global-color-5)","background-image":"","background-repeat":"repeat","background-position":"center center","background-size":"auto","background-attachment":"scroll","background-type":"","background-media":"","overlay-type":"","overlay-color":"","overlay-opacity":"","overlay-gradient":""},"mobile":{"background-color":"var(--ast-global-color-5)","background-image":"","background-repeat":"repeat","background-position":"center center","background-size":"auto","background-attachment":"scroll","background-type":"","background-media":"","overlay-type":"","overlay-color":"","overlay-opacity":"","overlay-gradient":""}},"footnotes":""},"class_list":["post-20589","page","type-page","status-publish","hentry"],"_links":{"self":[{"href":"https:\/\/es.chisagess.com\/index.php\/wp-json\/wp\/v2\/pages\/20589","targetHints":{"allow":["GET"]}}],"collection":[{"href":"https:\/\/es.chisagess.com\/index.php\/wp-json\/wp\/v2\/pages"}],"about":[{"href":"https:\/\/es.chisagess.com\/index.php\/wp-json\/wp\/v2\/types\/page"}],"author":[{"embeddable":true,"href":"https:\/\/es.chisagess.com\/index.php\/wp-json\/wp\/v2\/users\/1"}],"replies":[{"embeddable":true,"href":"https:\/\/es.chisagess.com\/index.php\/wp-json\/wp\/v2\/comments?post=20589"}],"version-history":[{"count":6,"href":"https:\/\/es.chisagess.com\/index.php\/wp-json\/wp\/v2\/pages\/20589\/revisions"}],"predecessor-version":[{"id":21068,"href":"https:\/\/es.chisagess.com\/index.php\/wp-json\/wp\/v2\/pages\/20589\/revisions\/21068"}],"wp:attachment":[{"href":"https:\/\/es.chisagess.com\/index.php\/wp-json\/wp\/v2\/media?parent=20589"}],"curies":[{"name":"wp","href":"https:\/\/api.w.org\/{rel}","templated":true}]}}