{"id":20621,"date":"2024-06-07T09:56:45","date_gmt":"2024-06-07T07:56:45","guid":{"rendered":"https:\/\/www.chisagepolska.pl\/?page_id=20621"},"modified":"2024-08-09T11:21:29","modified_gmt":"2024-08-09T09:21:29","slug":"portable-power-station","status":"publish","type":"page","link":"https:\/\/es.chisagess.com\/index.php\/portable-power-station\/","title":{"rendered":"Przeno\u015bna Stacja Zasilania"},"content":{"rendered":"\t\t<div data-elementor-type=\"wp-page\" data-elementor-id=\"20621\" class=\"elementor elementor-20621\" data-elementor-post-type=\"page\">\n\t\t\t\t<div class=\"elementor-element elementor-element-adaed4b e-con-full e-flex e-con e-parent\" data-id=\"adaed4b\" data-element_type=\"container\" data-e-type=\"container\">\n\t\t\t\t<div class=\"elementor-element elementor-element-5e053cd elementor-widget elementor-widget-heading\" data-id=\"5e053cd\" data-element_type=\"widget\" data-e-type=\"widget\" data-widget_type=\"heading.default\">\n\t\t\t\t<div class=\"elementor-widget-container\">\n\t\t\t\t\t<h1 class=\"elementor-heading-title elementor-size-default\">Przeno\u015bna Stacja Zasilania<\/h1>\t\t\t\t<\/div>\n\t\t\t\t<\/div>\n\t\t\t\t<div class=\"elementor-element elementor-element-a48308a elementor-widget elementor-widget-text-editor\" data-id=\"a48308a\" data-element_type=\"widget\" data-e-type=\"widget\" data-widget_type=\"text-editor.default\">\n\t\t\t\t<div class=\"elementor-widget-container\">\n\t\t\t\t\t\t\t\t\t<p>Niezale\u017cnie od tego, czy podr\u00f3\u017cujesz, biwakujesz, ratujesz si\u0119 w nag\u0142ych wypadkach, czy po prostu potrzebujesz wygodnego \u0142adowania w codziennym \u017cyciu, przeno\u015bna stacja akumulatorowa zapewnia niezawodne i wydajne wsparcie energetyczne.<\/p><p>Przeno\u015bne stacje akumulatorowe Chisage ESS, dost\u0119pne w wersjach 600W i 1000W, wykorzystuj\u0105 zaawansowan\u0105 technologi\u0119 akumulator\u00f3w litowo-jonowych i obs\u0142uguj\u0105 wej\u015bcie DC\/PV z funkcj\u0105 MPPT do \u0142adowania akumulatora. Maj\u0105 wbudowany dwukierunkowy falownik, kt\u00f3ry obs\u0142uguje szybkie \u0142adowanie pr\u0105dem przemiennym w ci\u0105gu 90 minut, a tak\u017ce tryb inteligentnego nap\u0119du do pracy z obci\u0105\u017ceniem rezystancyjnym o wysokiej mocy 1200\/2000W+.<\/p><p>Wybierz przeno\u015bn\u0105 stacj\u0119 akumulatorow\u0105 CHISAGE ESS, aby po\u017cegna\u0107 si\u0119 z problemami z zasilaniem i cieszy\u0107 si\u0119 nieograniczon\u0105 przeno\u015bn\u0105 energi\u0105!<\/p>\t\t\t\t\t\t\t\t<\/div>\n\t\t\t\t<\/div>\n\t\t\t\t<\/div>\n\t\t<div class=\"elementor-element elementor-element-33adcf7 e-flex e-con-boxed e-con e-parent\" data-id=\"33adcf7\" data-element_type=\"container\" data-e-type=\"container\" data-settings=\"{&quot;background_background&quot;:&quot;gradient&quot;}\">\n\t\t\t\t\t<div class=\"e-con-inner\">\n\t\t<div class=\"elementor-element elementor-element-ce0d727 e-con-full e-flex e-con e-child\" data-id=\"ce0d727\" data-element_type=\"container\" data-e-type=\"container\">\n\t\t\t\t<div class=\"elementor-element elementor-element-b292f49 e-transform elementor-widget elementor-widget-image\" data-id=\"b292f49\" data-element_type=\"widget\" data-e-type=\"widget\" data-settings=\"{&quot;_transform_scale_effect_hover&quot;:{&quot;unit&quot;:&quot;px&quot;,&quot;size&quot;:0.9,&quot;sizes&quot;:[]},&quot;_transform_scale_effect_hover_tablet&quot;:{&quot;unit&quot;:&quot;px&quot;,&quot;size&quot;:&quot;&quot;,&quot;sizes&quot;:[]},&quot;_transform_scale_effect_hover_mobile&quot;:{&quot;unit&quot;:&quot;px&quot;,&quot;size&quot;:&quot;&quot;,&quot;sizes&quot;:[]}}\" data-widget_type=\"image.default\">\n\t\t\t\t<div class=\"elementor-widget-container\">\n\t\t\t\t\t\t\t\t\t\t\t\t\t\t\t\t<a href=\"https:\/\/es.chisagess.com\/index.php\/products\/portable-power-station-ce-p600-1000cs\/\">\n\t\t\t\t\t\t\t<img fetchpriority=\"high\" decoding=\"async\" width=\"1000\" height=\"1000\" src=\"https:\/\/es.chisagess.com\/wp-content\/uploads\/2024\/06\/CHISAGE-ESS-CE-P600-1000CS-Portable-Power-Station-Product-Pictures-01.jpg\" class=\"attachment-large size-large wp-image-20623\" alt=\"\" srcset=\"https:\/\/es.chisagess.com\/wp-content\/uploads\/2024\/06\/CHISAGE-ESS-CE-P600-1000CS-Portable-Power-Station-Product-Pictures-01.jpg 1000w, https:\/\/es.chisagess.com\/wp-content\/uploads\/2024\/06\/CHISAGE-ESS-CE-P600-1000CS-Portable-Power-Station-Product-Pictures-01-300x300.jpg 300w, https:\/\/es.chisagess.com\/wp-content\/uploads\/2024\/06\/CHISAGE-ESS-CE-P600-1000CS-Portable-Power-Station-Product-Pictures-01-150x150.jpg 150w, https:\/\/es.chisagess.com\/wp-content\/uploads\/2024\/06\/CHISAGE-ESS-CE-P600-1000CS-Portable-Power-Station-Product-Pictures-01-768x768.jpg 768w\" sizes=\"(max-width: 1000px) 100vw, 1000px\" \/>\t\t\t\t\t\t\t\t<\/a>\n\t\t\t\t\t\t\t\t\t\t\t\t\t\t\t<\/div>\n\t\t\t\t<\/div>\n\t\t\t\t<div class=\"elementor-element elementor-element-2f26faa elementor-widget elementor-widget-heading\" data-id=\"2f26faa\" data-element_type=\"widget\" data-e-type=\"widget\" data-widget_type=\"heading.default\">\n\t\t\t\t<div class=\"elementor-widget-container\">\n\t\t\t\t\t<h5 class=\"elementor-heading-title elementor-size-default\">CE-P600-1000CS\n<\/h5>\t\t\t\t<\/div>\n\t\t\t\t<\/div>\n\t\t\t\t<div class=\"elementor-element elementor-element-f67910d elementor-widget elementor-widget-text-editor\" data-id=\"f67910d\" data-element_type=\"widget\" data-e-type=\"widget\" data-widget_type=\"text-editor.default\">\n\t\t\t\t<div class=\"elementor-widget-container\">\n\t\t\t\t\t\t\t\t\t<p>Przeno\u015bna elektrownia LiFePO4 o mocy 600-1000 W<\/p>\t\t\t\t\t\t\t\t<\/div>\n\t\t\t\t<\/div>\n\t\t\t\t<\/div>\n\t\t<div class=\"elementor-element elementor-element-ff730e4 e-con-full e-flex e-con e-child\" data-id=\"ff730e4\" data-element_type=\"container\" data-e-type=\"container\">\n\t\t\t\t<\/div>\n\t\t<div class=\"elementor-element elementor-element-97ce2b3 e-con-full e-flex e-con e-child\" data-id=\"97ce2b3\" data-element_type=\"container\" data-e-type=\"container\">\n\t\t\t\t<\/div>\n\t\t\t\t\t<\/div>\n\t\t\t\t<\/div>\n\t\t\t\t<section class=\"elementor-section elementor-top-section elementor-element elementor-element-9cp1p24 elementor-section-content-middle elementor-section-boxed elementor-section-height-default elementor-section-height-default\" data-id=\"9cp1p24\" data-element_type=\"section\" data-e-type=\"section\" data-settings=\"{&quot;background_background&quot;:&quot;classic&quot;}\">\n\t\t\t\t\t\t\t<div class=\"elementor-background-overlay\"><\/div>\n\t\t\t\t\t\t\t<div class=\"elementor-container elementor-column-gap-default\">\n\t\t\t\t\t<div class=\"elementor-column elementor-col-50 elementor-top-column elementor-element elementor-element-4e4c592\" data-id=\"4e4c592\" data-element_type=\"column\" data-e-type=\"column\" data-settings=\"{&quot;background_background&quot;:&quot;classic&quot;}\">\n\t\t\t<div class=\"elementor-widget-wrap elementor-element-populated\">\n\t\t\t\t\t<div class=\"elementor-background-overlay\"><\/div>\n\t\t\t\t\t\t<div class=\"elementor-element elementor-element-81b42e4 e-transform elementor-widget elementor-widget-heading\" data-id=\"81b42e4\" data-element_type=\"widget\" data-e-type=\"widget\" data-settings=\"{&quot;_transform_rotateZ_effect&quot;:{&quot;unit&quot;:&quot;px&quot;,&quot;size&quot;:&quot;&quot;,&quot;sizes&quot;:[]},&quot;_transform_rotateZ_effect_tablet&quot;:{&quot;unit&quot;:&quot;deg&quot;,&quot;size&quot;:&quot;&quot;,&quot;sizes&quot;:[]},&quot;_transform_rotateZ_effect_mobile&quot;:{&quot;unit&quot;:&quot;deg&quot;,&quot;size&quot;:&quot;&quot;,&quot;sizes&quot;:[]}}\" data-widget_type=\"heading.default\">\n\t\t\t\t<div class=\"elementor-widget-container\">\n\t\t\t\t\t<h5 class=\"elementor-heading-title elementor-size-default\"><a href=\"https:\/\/es.chisagess.com\/index.php\/contact-us\/\">Rozszerzony serwis gwarancyjny<\/a><\/h5>\t\t\t\t<\/div>\n\t\t\t\t<\/div>\n\t\t\t\t<div class=\"elementor-element elementor-element-6ca1df4 elementor-widget elementor-widget-text-editor\" data-id=\"6ca1df4\" data-element_type=\"widget\" data-e-type=\"widget\" data-widget_type=\"text-editor.default\">\n\t\t\t\t<div class=\"elementor-widget-container\">\n\t\t\t\t\t\t\t\t\t<p>Na indywidualnie falownik i akumulator udzielamy podstawowej gwarancji; niekt\u00f3re produkty obs\u0142uguj\u0105 rozszerzon\u0105 gwarancj\u0119. Aby uzyska\u0107 szczeg\u00f3\u0142owe informacje, skontaktuj si\u0119 z nami.<\/p>\t\t\t\t\t\t\t\t<\/div>\n\t\t\t\t<\/div>\n\t\t\t\t\t<\/div>\n\t\t<\/div>\n\t\t\t\t<div class=\"elementor-column elementor-col-50 elementor-top-column elementor-element elementor-element-a2f4a09\" data-id=\"a2f4a09\" data-element_type=\"column\" data-e-type=\"column\" data-settings=\"{&quot;background_background&quot;:&quot;classic&quot;}\">\n\t\t\t<div class=\"elementor-widget-wrap elementor-element-populated\">\n\t\t\t\t\t<div class=\"elementor-background-overlay\"><\/div>\n\t\t\t\t\t\t<div class=\"elementor-element elementor-element-b83592e elementor-widget elementor-widget-heading\" data-id=\"b83592e\" data-element_type=\"widget\" data-e-type=\"widget\" data-widget_type=\"heading.default\">\n\t\t\t\t<div class=\"elementor-widget-container\">\n\t\t\t\t\t<h5 class=\"elementor-heading-title elementor-size-default\"><a href=\"https:\/\/es.chisagess.com\/index.php\/contact-us\/\">Serwis pogwarancyjny<\/a><\/h5>\t\t\t\t<\/div>\n\t\t\t\t<\/div>\n\t\t\t\t<div class=\"elementor-element elementor-element-846d2f3 elementor-widget elementor-widget-text-editor\" data-id=\"846d2f3\" data-element_type=\"widget\" data-e-type=\"widget\" data-widget_type=\"text-editor.default\">\n\t\t\t\t<div class=\"elementor-widget-container\">\n\t\t\t\t\t\t\t\t\t<p>Zapewniamy lokalne wsparcie techniczne, w tym pr\u00f3bki testowe, szkolenia dotycz\u0105ce produkt\u00f3w; przez pierwsze sze\u015b\u0107 miesi\u0119cy zapewniamy bezp\u0142atn\u0105 wymian\u0119 nowych jednostek, w okresie gwarancyjnym zapewniamy bezp\u0142atn\u0105 wymian\u0119 cz\u0119\u015bci zamiennych.<\/p>\t\t\t\t\t\t\t\t<\/div>\n\t\t\t\t<\/div>\n\t\t\t\t\t<\/div>\n\t\t<\/div>\n\t\t\t\t\t<\/div>\n\t\t<\/section>\n\t\t\t\t<\/div>\n\t\t","protected":false},"excerpt":{"rendered":"<p>Przeno\u015bna Stacja Zasilania Niezale\u017cnie od tego, czy pod [&hellip;]<\/p>\n","protected":false},"author":1,"featured_media":0,"parent":0,"menu_order":0,"comment_status":"closed","ping_status":"closed","template":"","meta":{"site-sidebar-layout":"no-sidebar","site-content-layout":"page-builder","ast-site-content-layout":"full-width-container","site-content-style":"unboxed","site-sidebar-style":"unboxed","ast-global-header-display":"","ast-banner-title-visibility":"","ast-main-header-display":"","ast-hfb-above-header-display":"","ast-hfb-below-header-display":"","ast-hfb-mobile-header-display":"","site-post-title":"disabled","ast-breadcrumbs-content":"disabled","ast-featured-img":"disabled","footer-sml-layout":"","ast-disable-related-posts":"","theme-transparent-header-meta":"enabled","adv-header-id-meta":"","stick-header-meta":"default","header-above-stick-meta":"","header-main-stick-meta":"","header-below-stick-meta":"","astra-migrate-meta-layouts":"set","ast-page-background-enabled":"default","ast-page-background-meta":{"desktop":{"background-color":"","background-image":"","background-repeat":"repeat","background-position":"center center","background-size":"auto","background-attachment":"scroll","background-type":"","background-media":"","overlay-type":"","overlay-color":"","overlay-opacity":"","overlay-gradient":""},"tablet":{"background-color":"","background-image":"","background-repeat":"repeat","background-position":"center center","background-size":"auto","background-attachment":"scroll","background-type":"","background-media":"","overlay-type":"","overlay-color":"","overlay-opacity":"","overlay-gradient":""},"mobile":{"background-color":"","background-image":"","background-repeat":"repeat","background-position":"center center","background-size":"auto","background-attachment":"scroll","background-type":"","background-media":"","overlay-type":"","overlay-color":"","overlay-opacity":"","overlay-gradient":""}},"ast-content-background-meta":{"desktop":{"background-color":"var(--ast-global-color-5)","background-image":"","background-repeat":"repeat","background-position":"center center","background-size":"auto","background-attachment":"scroll","background-type":"","background-media":"","overlay-type":"","overlay-color":"","overlay-opacity":"","overlay-gradient":""},"tablet":{"background-color":"var(--ast-global-color-5)","background-image":"","background-repeat":"repeat","background-position":"center center","background-size":"auto","background-attachment":"scroll","background-type":"","background-media":"","overlay-type":"","overlay-color":"","overlay-opacity":"","overlay-gradient":""},"mobile":{"background-color":"var(--ast-global-color-5)","background-image":"","background-repeat":"repeat","background-position":"center center","background-size":"auto","background-attachment":"scroll","background-type":"","background-media":"","overlay-type":"","overlay-color":"","overlay-opacity":"","overlay-gradient":""}},"footnotes":""},"class_list":["post-20621","page","type-page","status-publish","hentry"],"_links":{"self":[{"href":"https:\/\/es.chisagess.com\/index.php\/wp-json\/wp\/v2\/pages\/20621","targetHints":{"allow":["GET"]}}],"collection":[{"href":"https:\/\/es.chisagess.com\/index.php\/wp-json\/wp\/v2\/pages"}],"about":[{"href":"https:\/\/es.chisagess.com\/index.php\/wp-json\/wp\/v2\/types\/page"}],"author":[{"embeddable":true,"href":"https:\/\/es.chisagess.com\/index.php\/wp-json\/wp\/v2\/users\/1"}],"replies":[{"embeddable":true,"href":"https:\/\/es.chisagess.com\/index.php\/wp-json\/wp\/v2\/comments?post=20621"}],"version-history":[{"count":5,"href":"https:\/\/es.chisagess.com\/index.php\/wp-json\/wp\/v2\/pages\/20621\/revisions"}],"predecessor-version":[{"id":21126,"href":"https:\/\/es.chisagess.com\/index.php\/wp-json\/wp\/v2\/pages\/20621\/revisions\/21126"}],"wp:attachment":[{"href":"https:\/\/es.chisagess.com\/index.php\/wp-json\/wp\/v2\/media?parent=20621"}],"curies":[{"name":"wp","href":"https:\/\/api.w.org\/{rel}","templated":true}]}}