{"id":20634,"date":"2024-06-07T10:20:33","date_gmt":"2024-06-07T08:20:33","guid":{"rendered":"https:\/\/www.chisagepolska.pl\/?page_id=20634"},"modified":"2024-08-09T11:27:38","modified_gmt":"2024-08-09T09:27:38","slug":"energy-storage-system","status":"publish","type":"page","link":"https:\/\/es.chisagess.com\/index.php\/energy-storage-system\/","title":{"rendered":"System magazynowania energii"},"content":{"rendered":"\t\t<div data-elementor-type=\"wp-page\" data-elementor-id=\"20634\" class=\"elementor elementor-20634\" data-elementor-post-type=\"page\">\n\t\t\t\t<div class=\"elementor-element elementor-element-adaed4b e-con-full e-flex e-con e-parent\" data-id=\"adaed4b\" data-element_type=\"container\" data-e-type=\"container\">\n\t\t\t\t<div class=\"elementor-element elementor-element-5e053cd elementor-widget elementor-widget-heading\" data-id=\"5e053cd\" data-element_type=\"widget\" data-e-type=\"widget\" data-widget_type=\"heading.default\">\n\t\t\t\t<div class=\"elementor-widget-container\">\n\t\t\t\t\t<h1 class=\"elementor-heading-title elementor-size-default\">System magazynowania energii<\/h1>\t\t\t\t<\/div>\n\t\t\t\t<\/div>\n\t\t\t\t<div class=\"elementor-element elementor-element-a48308a elementor-widget elementor-widget-text-editor\" data-id=\"a48308a\" data-element_type=\"widget\" data-e-type=\"widget\" data-widget_type=\"text-editor.default\">\n\t\t\t\t<div class=\"elementor-widget-container\">\n\t\t\t\t\t\t\t\t\t<p>Czy kiedykolwiek zastanawia\u0142e\u015b si\u0119, jak\u0105 r\u00f3\u017cnic\u0119 zrobi\u0142oby, gdyby\u015bmy mogli przechowywa\u0107 energi\u0119 i u\u017cywa\u0107 jej, kiedy tylko chcemy? CHISAGE ESS oferuje wysokiej jako\u015bci systemy magazynowania energii, kt\u00f3re pomagaj\u0105 obni\u017cy\u0107 rachunki za energi\u0119 elektryczn\u0105 i zapewniaj\u0105 stabilne zasilanie. Nasze systemy magazynowania energii obejmuj\u0105 wysokonapi\u0119ciowe hybrydowe systemy ESS typu \u201ewszystko w jednym\u201d, przeno\u015bne elektrownie, kontenerowe BESS i C&amp;I ESS.<\/p><p>Je\u015bli chcesz korzysta\u0107 z systemu magazynowania energii w domu, mo\u017cesz skorzysta\u0107 z wysokonapi\u0119ciowego hybrydowego systemu ESS typu \u201ewszystko w jednym\u201d, w tym jednofazowego 3kW-8kW, tr\u00f3jfazowego 4kW-20kW. Maj\u0105 stopie\u0144 ochrony IP66, maks. 18 A pr\u0105du wej\u015bciowego PV, \u0142adowanie i roz\u0142adowywanie przy 100% pe\u0142nym obci\u0105\u017ceniu, prze\u0142\u0105czanie na poziomie UPS w ci\u0105gu 10 ms, po\u0142\u0105czenie WiFi i Bluetooth.<\/p><p>Je\u015bli chcesz korzysta\u0107 z systemu magazynowania energii podczas aktywno\u015bci na \u015bwie\u017cym powietrzu, biwakowania, podr\u00f3\u017cy lub w sytuacjach awaryjnych, mo\u017cesz wybra\u0107 przeno\u015bn\u0105 elektrowni\u0119. Nasza przeno\u015bna stacja zasilania oparta jest na bateriach litowo-jonowych, kt\u00f3re obs\u0142uguj\u0105 USB, Type-C, DC i AC, obs\u0142uguj\u0105 wsp\u00f3lny interfejs zasilania i wsp\u00f3lny zakres napi\u0119cia oraz wbudowany dwukierunkowy falownik, kt\u00f3ry obs\u0142uguje szybkie \u0142adowanie pr\u0105dem przemiennym w ci\u0105gu 90 minut do pe\u0142nej pojemno\u015bci. Obejmuj\u0105 one prawie wszystkie rodzaje ma\u0142ych i \u015brednich urz\u0105dze\u0144 cyfrowych, urz\u0105dze\u0144 gospodarstwa domowego i pok\u0142adowych urz\u0105dze\u0144 awaryjnych.<\/p><p>Je\u015bli chcesz korzysta\u0107 z systemu magazynowania energii w du\u017cych obiektach komercyjnych lub przemys\u0142owych, mo\u017cesz wybra\u0107 Container BESS lub C&amp;I ESS. Nasz kontenerowy system BESS zosta\u0142 zaprojektowany z podw\u00f3jn\u0105 ochron\u0105 przeciwpo\u017carow\u0105 i przeciwwybuchow\u0105 IP67, aby zapewni\u0107 jego bezpiecze\u0144stwo i niezawodno\u015b\u0107. Jest r\u00f3wnie\u017c wyposa\u017cony w ch\u0142odzone ciecz\u0105 przewody rurowe, dzi\u0119ki czemu r\u00f3\u017cnica temperatur jest mniejsza ni\u017c 3 \u2103, co skutecznie wyd\u0142u\u017ca \u017cywotno\u015b\u0107 baterii. Je\u015bli chodzi o C&amp;I ESS, jest on zasilany przez wiod\u0105ce w bran\u017cy baterie litowo-\u017celazowo-fosforanowe, skutecznie wyd\u0142u\u017caj\u0105c \u017cywotno\u015b\u0107 cyklu. System przyjmuje modu\u0142ow\u0105 konstrukcj\u0119 ze zintegrowanym systemem kontroli temperatury ch\u0142odzonym ciecz\u0105, dzi\u0119ki czemu system jest bezpieczniejszy i bardziej niezawodny oraz \u0142atwy w transporcie i instalacji. Mo\u017cemy dostarczy\u0107 standardowe rozwi\u0105zania lub spe\u0142ni\u0107 indywidualne potrzeby w zale\u017cno\u015bci od konkretnej sytuacji.<\/p><p>Wybieraj\u0105c system magazynowania energii od CHISAGE ESS, b\u0119dziesz mie\u0107 nieograniczon\u0105 energi\u0119 i ogromne korzy\u015bci dla swojego domu i firmy. Skontaktuj si\u0119 z naszym zespo\u0142em sprzeda\u017cy, aby dowiedzie\u0107 si\u0119 wi\u0119cej o systemach magazynowania energii. Rozpocznijmy razem nowy rozdzia\u0142 w rewolucji energetycznej!<\/p>\t\t\t\t\t\t\t\t<\/div>\n\t\t\t\t<\/div>\n\t\t\t\t<\/div>\n\t\t<div class=\"elementor-element elementor-element-5403767 e-flex e-con-boxed e-con e-parent\" data-id=\"5403767\" data-element_type=\"container\" data-e-type=\"container\" data-settings=\"{&quot;background_background&quot;:&quot;gradient&quot;}\">\n\t\t\t\t\t<div class=\"e-con-inner\">\n\t\t<div class=\"elementor-element elementor-element-fa215c5 e-con-full e-flex e-con e-child\" data-id=\"fa215c5\" data-element_type=\"container\" data-e-type=\"container\">\n\t\t\t\t<div class=\"elementor-element elementor-element-e8d5f88 e-transform elementor-widget elementor-widget-image\" data-id=\"e8d5f88\" data-element_type=\"widget\" data-e-type=\"widget\" data-settings=\"{&quot;_transform_scale_effect_hover&quot;:{&quot;unit&quot;:&quot;px&quot;,&quot;size&quot;:0.9,&quot;sizes&quot;:[]},&quot;_transform_scale_effect_hover_tablet&quot;:{&quot;unit&quot;:&quot;px&quot;,&quot;size&quot;:&quot;&quot;,&quot;sizes&quot;:[]},&quot;_transform_scale_effect_hover_mobile&quot;:{&quot;unit&quot;:&quot;px&quot;,&quot;size&quot;:&quot;&quot;,&quot;sizes&quot;:[]}}\" data-widget_type=\"image.default\">\n\t\t\t\t<div class=\"elementor-widget-container\">\n\t\t\t\t\t\t\t\t\t\t\t\t\t\t\t\t<a href=\"https:\/\/es.chisagess.com\/index.php\/commercial-energy-storage-systems\/\">\n\t\t\t\t\t\t\t<img fetchpriority=\"high\" decoding=\"async\" width=\"1000\" height=\"1000\" src=\"https:\/\/es.chisagess.com\/wp-content\/uploads\/2024\/06\/CHISAGE-ESS-CE100215-Commercial-Energy-Storage-Systems-Product-Pictures-01.jpg\" class=\"attachment-large size-large wp-image-20629\" alt=\"\" srcset=\"https:\/\/es.chisagess.com\/wp-content\/uploads\/2024\/06\/CHISAGE-ESS-CE100215-Commercial-Energy-Storage-Systems-Product-Pictures-01.jpg 1000w, https:\/\/es.chisagess.com\/wp-content\/uploads\/2024\/06\/CHISAGE-ESS-CE100215-Commercial-Energy-Storage-Systems-Product-Pictures-01-300x300.jpg 300w, https:\/\/es.chisagess.com\/wp-content\/uploads\/2024\/06\/CHISAGE-ESS-CE100215-Commercial-Energy-Storage-Systems-Product-Pictures-01-150x150.jpg 150w, https:\/\/es.chisagess.com\/wp-content\/uploads\/2024\/06\/CHISAGE-ESS-CE100215-Commercial-Energy-Storage-Systems-Product-Pictures-01-768x768.jpg 768w\" sizes=\"(max-width: 1000px) 100vw, 1000px\" \/>\t\t\t\t\t\t\t\t<\/a>\n\t\t\t\t\t\t\t\t\t\t\t\t\t\t\t<\/div>\n\t\t\t\t<\/div>\n\t\t\t\t<div class=\"elementor-element elementor-element-9f73a31 elementor-widget elementor-widget-heading\" data-id=\"9f73a31\" data-element_type=\"widget\" data-e-type=\"widget\" data-widget_type=\"heading.default\">\n\t\t\t\t<div class=\"elementor-widget-container\">\n\t\t\t\t\t<h5 class=\"elementor-heading-title elementor-size-default\">Komercyjne Systemy Magazynowania Energii<\/h5>\t\t\t\t<\/div>\n\t\t\t\t<\/div>\n\t\t\t\t<div class=\"elementor-element elementor-element-b137878 elementor-widget elementor-widget-text-editor\" data-id=\"b137878\" data-element_type=\"widget\" data-e-type=\"widget\" data-widget_type=\"text-editor.default\">\n\t\t\t\t<div class=\"elementor-widget-container\">\n\t\t\t\t\t\t\t\t\t<p>Du\u017ce zastosowania komercyjne lub przemys\u0142owe<\/p>\t\t\t\t\t\t\t\t<\/div>\n\t\t\t\t<\/div>\n\t\t\t\t<div class=\"elementor-element elementor-element-23dc4c1 e-transform elementor-widget elementor-widget-image\" data-id=\"23dc4c1\" data-element_type=\"widget\" data-e-type=\"widget\" data-settings=\"{&quot;_transform_scale_effect_hover&quot;:{&quot;unit&quot;:&quot;px&quot;,&quot;size&quot;:0.9,&quot;sizes&quot;:[]},&quot;_transform_scale_effect_hover_tablet&quot;:{&quot;unit&quot;:&quot;px&quot;,&quot;size&quot;:&quot;&quot;,&quot;sizes&quot;:[]},&quot;_transform_scale_effect_hover_mobile&quot;:{&quot;unit&quot;:&quot;px&quot;,&quot;size&quot;:&quot;&quot;,&quot;sizes&quot;:[]}}\" data-widget_type=\"image.default\">\n\t\t\t\t<div class=\"elementor-widget-container\">\n\t\t\t\t\t\t\t\t\t\t\t\t\t\t\t\t<a href=\"https:\/\/es.chisagess.com\/index.php\/portable-power-station\/\">\n\t\t\t\t\t\t\t<img decoding=\"async\" width=\"1000\" height=\"1000\" src=\"https:\/\/es.chisagess.com\/wp-content\/uploads\/2024\/06\/CHISAGE-ESS-PORTABLE-POWER-STATION-20231114.jpg\" class=\"attachment-large size-large wp-image-20636\" alt=\"\" srcset=\"https:\/\/es.chisagess.com\/wp-content\/uploads\/2024\/06\/CHISAGE-ESS-PORTABLE-POWER-STATION-20231114.jpg 1000w, https:\/\/es.chisagess.com\/wp-content\/uploads\/2024\/06\/CHISAGE-ESS-PORTABLE-POWER-STATION-20231114-300x300.jpg 300w, https:\/\/es.chisagess.com\/wp-content\/uploads\/2024\/06\/CHISAGE-ESS-PORTABLE-POWER-STATION-20231114-150x150.jpg 150w, https:\/\/es.chisagess.com\/wp-content\/uploads\/2024\/06\/CHISAGE-ESS-PORTABLE-POWER-STATION-20231114-768x768.jpg 768w\" sizes=\"(max-width: 1000px) 100vw, 1000px\" \/>\t\t\t\t\t\t\t\t<\/a>\n\t\t\t\t\t\t\t\t\t\t\t\t\t\t\t<\/div>\n\t\t\t\t<\/div>\n\t\t\t\t<div class=\"elementor-element elementor-element-745369c elementor-widget elementor-widget-heading\" data-id=\"745369c\" data-element_type=\"widget\" data-e-type=\"widget\" data-widget_type=\"heading.default\">\n\t\t\t\t<div class=\"elementor-widget-container\">\n\t\t\t\t\t<h5 class=\"elementor-heading-title elementor-size-default\">Przeno\u015bna Stacja Zasilania<\/h5>\t\t\t\t<\/div>\n\t\t\t\t<\/div>\n\t\t\t\t<div class=\"elementor-element elementor-element-05e134a elementor-widget elementor-widget-text-editor\" data-id=\"05e134a\" data-element_type=\"widget\" data-e-type=\"widget\" data-widget_type=\"text-editor.default\">\n\t\t\t\t<div class=\"elementor-widget-container\">\n\t\t\t\t\t\t\t\t\t<p>Przeno\u015bna stacja zasilania o mocy 600 W i 1000 W<\/p>\t\t\t\t\t\t\t\t<\/div>\n\t\t\t\t<\/div>\n\t\t\t\t<\/div>\n\t\t<div class=\"elementor-element elementor-element-18c7fed e-con-full e-flex e-con e-child\" data-id=\"18c7fed\" data-element_type=\"container\" data-e-type=\"container\">\n\t\t\t\t<div class=\"elementor-element elementor-element-08a2e22 e-transform elementor-widget elementor-widget-image\" data-id=\"08a2e22\" data-element_type=\"widget\" data-e-type=\"widget\" data-settings=\"{&quot;_transform_scale_effect_hover&quot;:{&quot;unit&quot;:&quot;px&quot;,&quot;size&quot;:0.9,&quot;sizes&quot;:[]},&quot;_transform_scale_effect_hover_tablet&quot;:{&quot;unit&quot;:&quot;px&quot;,&quot;size&quot;:&quot;&quot;,&quot;sizes&quot;:[]},&quot;_transform_scale_effect_hover_mobile&quot;:{&quot;unit&quot;:&quot;px&quot;,&quot;size&quot;:&quot;&quot;,&quot;sizes&quot;:[]}}\" data-widget_type=\"image.default\">\n\t\t\t\t<div class=\"elementor-widget-container\">\n\t\t\t\t\t\t\t\t\t\t\t\t\t\t\t\t<a href=\"https:\/\/es.chisagess.com\/index.php\/all-in-one-ess\/\">\n\t\t\t\t\t\t\t<img decoding=\"async\" width=\"1000\" height=\"1000\" src=\"https:\/\/es.chisagess.com\/wp-content\/uploads\/2024\/06\/CHISAGE-ESS-CE-1P3-8KEG-HE-EU-All-In-One-ESS-Product-Pictures-01.jpg\" class=\"attachment-large size-large wp-image-20609\" alt=\"\" srcset=\"https:\/\/es.chisagess.com\/wp-content\/uploads\/2024\/06\/CHISAGE-ESS-CE-1P3-8KEG-HE-EU-All-In-One-ESS-Product-Pictures-01.jpg 1000w, https:\/\/es.chisagess.com\/wp-content\/uploads\/2024\/06\/CHISAGE-ESS-CE-1P3-8KEG-HE-EU-All-In-One-ESS-Product-Pictures-01-300x300.jpg 300w, https:\/\/es.chisagess.com\/wp-content\/uploads\/2024\/06\/CHISAGE-ESS-CE-1P3-8KEG-HE-EU-All-In-One-ESS-Product-Pictures-01-150x150.jpg 150w, https:\/\/es.chisagess.com\/wp-content\/uploads\/2024\/06\/CHISAGE-ESS-CE-1P3-8KEG-HE-EU-All-In-One-ESS-Product-Pictures-01-768x768.jpg 768w\" sizes=\"(max-width: 1000px) 100vw, 1000px\" \/>\t\t\t\t\t\t\t\t<\/a>\n\t\t\t\t\t\t\t\t\t\t\t\t\t\t\t<\/div>\n\t\t\t\t<\/div>\n\t\t\t\t<div class=\"elementor-element elementor-element-abf1c77 elementor-widget elementor-widget-heading\" data-id=\"abf1c77\" data-element_type=\"widget\" data-e-type=\"widget\" data-widget_type=\"heading.default\">\n\t\t\t\t<div class=\"elementor-widget-container\">\n\t\t\t\t\t<h5 class=\"elementor-heading-title elementor-size-default\">Wszystko w Jednym ESS<\/h5>\t\t\t\t<\/div>\n\t\t\t\t<\/div>\n\t\t\t\t<div class=\"elementor-element elementor-element-ec6ece9 elementor-widget elementor-widget-text-editor\" data-id=\"ec6ece9\" data-element_type=\"widget\" data-e-type=\"widget\" data-widget_type=\"text-editor.default\">\n\t\t\t\t<div class=\"elementor-widget-container\">\n\t\t\t\t\t\t\t\t\t<p>3-20kW Super szeroki zakres napi\u0119cia baterii Wszystko w jednym ESS<\/p>\t\t\t\t\t\t\t\t<\/div>\n\t\t\t\t<\/div>\n\t\t\t\t<\/div>\n\t\t<div class=\"elementor-element elementor-element-e4a11d4 e-con-full e-flex e-con e-child\" data-id=\"e4a11d4\" data-element_type=\"container\" data-e-type=\"container\">\n\t\t\t\t<div class=\"elementor-element elementor-element-4a07d88 e-transform elementor-widget elementor-widget-image\" data-id=\"4a07d88\" data-element_type=\"widget\" data-e-type=\"widget\" data-settings=\"{&quot;_transform_scale_effect_hover&quot;:{&quot;unit&quot;:&quot;px&quot;,&quot;size&quot;:0.9,&quot;sizes&quot;:[]},&quot;_transform_scale_effect_hover_tablet&quot;:{&quot;unit&quot;:&quot;px&quot;,&quot;size&quot;:&quot;&quot;,&quot;sizes&quot;:[]},&quot;_transform_scale_effect_hover_mobile&quot;:{&quot;unit&quot;:&quot;px&quot;,&quot;size&quot;:&quot;&quot;,&quot;sizes&quot;:[]}}\" data-widget_type=\"image.default\">\n\t\t\t\t<div class=\"elementor-widget-container\">\n\t\t\t\t\t\t\t\t\t\t\t\t\t\t\t\t<a href=\"https:\/\/es.chisagess.com\/index.php\/ess-container\/\">\n\t\t\t\t\t\t\t<img loading=\"lazy\" decoding=\"async\" width=\"1000\" height=\"1000\" src=\"https:\/\/es.chisagess.com\/wp-content\/uploads\/2024\/06\/CHISAGE-ESS-CESS-3354-6709L-ESS-Container-Product-Pictures-01.jpg\" class=\"attachment-large size-large wp-image-20616\" alt=\"\" srcset=\"https:\/\/es.chisagess.com\/wp-content\/uploads\/2024\/06\/CHISAGE-ESS-CESS-3354-6709L-ESS-Container-Product-Pictures-01.jpg 1000w, https:\/\/es.chisagess.com\/wp-content\/uploads\/2024\/06\/CHISAGE-ESS-CESS-3354-6709L-ESS-Container-Product-Pictures-01-300x300.jpg 300w, https:\/\/es.chisagess.com\/wp-content\/uploads\/2024\/06\/CHISAGE-ESS-CESS-3354-6709L-ESS-Container-Product-Pictures-01-150x150.jpg 150w, https:\/\/es.chisagess.com\/wp-content\/uploads\/2024\/06\/CHISAGE-ESS-CESS-3354-6709L-ESS-Container-Product-Pictures-01-768x768.jpg 768w\" sizes=\"(max-width: 1000px) 100vw, 1000px\" \/>\t\t\t\t\t\t\t\t<\/a>\n\t\t\t\t\t\t\t\t\t\t\t\t\t\t\t<\/div>\n\t\t\t\t<\/div>\n\t\t\t\t<div class=\"elementor-element elementor-element-0f0f714 elementor-widget elementor-widget-heading\" data-id=\"0f0f714\" data-element_type=\"widget\" data-e-type=\"widget\" data-widget_type=\"heading.default\">\n\t\t\t\t<div class=\"elementor-widget-container\">\n\t\t\t\t\t<h5 class=\"elementor-heading-title elementor-size-default\">Pojemnik ESS<\/h5>\t\t\t\t<\/div>\n\t\t\t\t<\/div>\n\t\t\t\t<div class=\"elementor-element elementor-element-b83a19f elementor-widget elementor-widget-text-editor\" data-id=\"b83a19f\" data-element_type=\"widget\" data-e-type=\"widget\" data-widget_type=\"text-editor.default\">\n\t\t\t\t<div class=\"elementor-widget-container\">\n\t\t\t\t\t\t\t\t\t<p>Pojemnik ESS z ch\u0142odzeniem ciecz\u0105<\/p>\t\t\t\t\t\t\t\t<\/div>\n\t\t\t\t<\/div>\n\t\t\t\t<\/div>\n\t\t\t\t\t<\/div>\n\t\t\t\t<\/div>\n\t\t\t\t<section class=\"elementor-section elementor-top-section elementor-element elementor-element-9cp1p24 elementor-section-content-middle elementor-section-boxed elementor-section-height-default elementor-section-height-default\" data-id=\"9cp1p24\" data-element_type=\"section\" data-e-type=\"section\" data-settings=\"{&quot;background_background&quot;:&quot;classic&quot;}\">\n\t\t\t\t\t\t\t<div class=\"elementor-background-overlay\"><\/div>\n\t\t\t\t\t\t\t<div class=\"elementor-container elementor-column-gap-default\">\n\t\t\t\t\t<div class=\"elementor-column elementor-col-50 elementor-top-column elementor-element elementor-element-4e4c592\" data-id=\"4e4c592\" data-element_type=\"column\" data-e-type=\"column\" data-settings=\"{&quot;background_background&quot;:&quot;classic&quot;}\">\n\t\t\t<div class=\"elementor-widget-wrap elementor-element-populated\">\n\t\t\t\t\t<div class=\"elementor-background-overlay\"><\/div>\n\t\t\t\t\t\t<div class=\"elementor-element elementor-element-81b42e4 e-transform elementor-widget elementor-widget-heading\" data-id=\"81b42e4\" data-element_type=\"widget\" data-e-type=\"widget\" data-settings=\"{&quot;_transform_rotateZ_effect&quot;:{&quot;unit&quot;:&quot;px&quot;,&quot;size&quot;:&quot;&quot;,&quot;sizes&quot;:[]},&quot;_transform_rotateZ_effect_tablet&quot;:{&quot;unit&quot;:&quot;deg&quot;,&quot;size&quot;:&quot;&quot;,&quot;sizes&quot;:[]},&quot;_transform_rotateZ_effect_mobile&quot;:{&quot;unit&quot;:&quot;deg&quot;,&quot;size&quot;:&quot;&quot;,&quot;sizes&quot;:[]}}\" data-widget_type=\"heading.default\">\n\t\t\t\t<div class=\"elementor-widget-container\">\n\t\t\t\t\t<h5 class=\"elementor-heading-title elementor-size-default\"><a href=\"https:\/\/es.chisagess.com\/index.php\/contact-us\/\">Rozszerzony serwis gwarancyjny<\/a><\/h5>\t\t\t\t<\/div>\n\t\t\t\t<\/div>\n\t\t\t\t<div class=\"elementor-element elementor-element-6ca1df4 elementor-widget elementor-widget-text-editor\" data-id=\"6ca1df4\" data-element_type=\"widget\" data-e-type=\"widget\" data-widget_type=\"text-editor.default\">\n\t\t\t\t<div class=\"elementor-widget-container\">\n\t\t\t\t\t\t\t\t\t<p>Na indywidualnie falownik i akumulator udzielamy podstawowej gwarancji; niekt\u00f3re produkty obs\u0142uguj\u0105 rozszerzon\u0105 gwarancj\u0119. Aby uzyska\u0107 szczeg\u00f3\u0142owe informacje, skontaktuj si\u0119 z nami.<\/p>\t\t\t\t\t\t\t\t<\/div>\n\t\t\t\t<\/div>\n\t\t\t\t\t<\/div>\n\t\t<\/div>\n\t\t\t\t<div class=\"elementor-column elementor-col-50 elementor-top-column elementor-element elementor-element-a2f4a09\" data-id=\"a2f4a09\" data-element_type=\"column\" data-e-type=\"column\" data-settings=\"{&quot;background_background&quot;:&quot;classic&quot;}\">\n\t\t\t<div class=\"elementor-widget-wrap elementor-element-populated\">\n\t\t\t\t\t<div class=\"elementor-background-overlay\"><\/div>\n\t\t\t\t\t\t<div class=\"elementor-element elementor-element-b83592e elementor-widget elementor-widget-heading\" data-id=\"b83592e\" data-element_type=\"widget\" data-e-type=\"widget\" data-widget_type=\"heading.default\">\n\t\t\t\t<div class=\"elementor-widget-container\">\n\t\t\t\t\t<h5 class=\"elementor-heading-title elementor-size-default\"><a href=\"https:\/\/es.chisagess.com\/index.php\/contact-us\/\">Serwis pogwarancyjny<\/a><\/h5>\t\t\t\t<\/div>\n\t\t\t\t<\/div>\n\t\t\t\t<div class=\"elementor-element elementor-element-846d2f3 elementor-widget elementor-widget-text-editor\" data-id=\"846d2f3\" data-element_type=\"widget\" data-e-type=\"widget\" data-widget_type=\"text-editor.default\">\n\t\t\t\t<div class=\"elementor-widget-container\">\n\t\t\t\t\t\t\t\t\t<p>Zapewniamy lokalne wsparcie techniczne, w tym pr\u00f3bki testowe, szkolenia dotycz\u0105ce produkt\u00f3w; przez pierwsze sze\u015b\u0107 miesi\u0119cy zapewniamy bezp\u0142atn\u0105 wymian\u0119 nowych jednostek, w okresie gwarancyjnym zapewniamy bezp\u0142atn\u0105 wymian\u0119 cz\u0119\u015bci zamiennych.<\/p>\t\t\t\t\t\t\t\t<\/div>\n\t\t\t\t<\/div>\n\t\t\t\t\t<\/div>\n\t\t<\/div>\n\t\t\t\t\t<\/div>\n\t\t<\/section>\n\t\t\t\t<\/div>\n\t\t","protected":false},"excerpt":{"rendered":"<p>System magazynowania energii Czy kiedykolwiek zastanawi [&hellip;]<\/p>\n","protected":false},"author":1,"featured_media":0,"parent":0,"menu_order":0,"comment_status":"closed","ping_status":"closed","template":"","meta":{"site-sidebar-layout":"no-sidebar","site-content-layout":"page-builder","ast-site-content-layout":"full-width-container","site-content-style":"unboxed","site-sidebar-style":"unboxed","ast-global-header-display":"","ast-banner-title-visibility":"","ast-main-header-display":"","ast-hfb-above-header-display":"","ast-hfb-below-header-display":"","ast-hfb-mobile-header-display":"","site-post-title":"disabled","ast-breadcrumbs-content":"disabled","ast-featured-img":"disabled","footer-sml-layout":"","ast-disable-related-posts":"","theme-transparent-header-meta":"enabled","adv-header-id-meta":"","stick-header-meta":"default","header-above-stick-meta":"","header-main-stick-meta":"","header-below-stick-meta":"","astra-migrate-meta-layouts":"set","ast-page-background-enabled":"default","ast-page-background-meta":{"desktop":{"background-color":"","background-image":"","background-repeat":"repeat","background-position":"center center","background-size":"auto","background-attachment":"scroll","background-type":"","background-media":"","overlay-type":"","overlay-color":"","overlay-opacity":"","overlay-gradient":""},"tablet":{"background-color":"","background-image":"","background-repeat":"repeat","background-position":"center center","background-size":"auto","background-attachment":"scroll","background-type":"","background-media":"","overlay-type":"","overlay-color":"","overlay-opacity":"","overlay-gradient":""},"mobile":{"background-color":"","background-image":"","background-repeat":"repeat","background-position":"center center","background-size":"auto","background-attachment":"scroll","background-type":"","background-media":"","overlay-type":"","overlay-color":"","overlay-opacity":"","overlay-gradient":""}},"ast-content-background-meta":{"desktop":{"background-color":"var(--ast-global-color-5)","background-image":"","background-repeat":"repeat","background-position":"center center","background-size":"auto","background-attachment":"scroll","background-type":"","background-media":"","overlay-type":"","overlay-color":"","overlay-opacity":"","overlay-gradient":""},"tablet":{"background-color":"var(--ast-global-color-5)","background-image":"","background-repeat":"repeat","background-position":"center center","background-size":"auto","background-attachment":"scroll","background-type":"","background-media":"","overlay-type":"","overlay-color":"","overlay-opacity":"","overlay-gradient":""},"mobile":{"background-color":"var(--ast-global-color-5)","background-image":"","background-repeat":"repeat","background-position":"center center","background-size":"auto","background-attachment":"scroll","background-type":"","background-media":"","overlay-type":"","overlay-color":"","overlay-opacity":"","overlay-gradient":""}},"footnotes":""},"class_list":["post-20634","page","type-page","status-publish","hentry"],"_links":{"self":[{"href":"https:\/\/es.chisagess.com\/index.php\/wp-json\/wp\/v2\/pages\/20634","targetHints":{"allow":["GET"]}}],"collection":[{"href":"https:\/\/es.chisagess.com\/index.php\/wp-json\/wp\/v2\/pages"}],"about":[{"href":"https:\/\/es.chisagess.com\/index.php\/wp-json\/wp\/v2\/types\/page"}],"author":[{"embeddable":true,"href":"https:\/\/es.chisagess.com\/index.php\/wp-json\/wp\/v2\/users\/1"}],"replies":[{"embeddable":true,"href":"https:\/\/es.chisagess.com\/index.php\/wp-json\/wp\/v2\/comments?post=20634"}],"version-history":[{"count":11,"href":"https:\/\/es.chisagess.com\/index.php\/wp-json\/wp\/v2\/pages\/20634\/revisions"}],"predecessor-version":[{"id":21130,"href":"https:\/\/es.chisagess.com\/index.php\/wp-json\/wp\/v2\/pages\/20634\/revisions\/21130"}],"wp:attachment":[{"href":"https:\/\/es.chisagess.com\/index.php\/wp-json\/wp\/v2\/media?parent=20634"}],"curies":[{"name":"wp","href":"https:\/\/api.w.org\/{rel}","templated":true}]}}