{"id":21846,"date":"2026-03-15T14:12:14","date_gmt":"2026-03-15T13:12:14","guid":{"rendered":"https:\/\/chisagepolska.pl\/?page_id=21846"},"modified":"2026-04-05T11:41:58","modified_gmt":"2026-04-05T09:41:58","slug":"pl-training-session","status":"publish","type":"page","link":"https:\/\/es.chisagess.com\/index.php\/pl-training-session\/","title":{"rendered":"Training session &#8211; ES"},"content":{"rendered":"\t\t<div data-elementor-type=\"wp-page\" data-elementor-id=\"21846\" class=\"elementor elementor-21846\" data-elementor-post-type=\"page\">\n\t\t\t\t<div class=\"elementor-element elementor-element-ba53420 e-con-full e-flex e-con e-parent\" data-id=\"ba53420\" data-element_type=\"container\" data-e-type=\"container\" data-settings=\"{&quot;background_background&quot;:&quot;classic&quot;}\">\n\t\t<div class=\"elementor-element elementor-element-259a97b5 e-con-full e-flex e-con e-child\" data-id=\"259a97b5\" data-element_type=\"container\" data-e-type=\"container\">\n\t\t\t\t<div class=\"elementor-element elementor-element-bf7e790 elementor-widget__width-inherit elementor-widget-divider--view-line elementor-invisible elementor-widget elementor-widget-divider\" data-id=\"bf7e790\" data-element_type=\"widget\" data-e-type=\"widget\" data-settings=\"{&quot;_animation&quot;:&quot;fadeInLeft&quot;}\" data-widget_type=\"divider.default\">\n\t\t\t\t<div class=\"elementor-widget-container\">\n\t\t\t\t\t\t\t<div class=\"elementor-divider\">\n\t\t\t<span class=\"elementor-divider-separator\">\n\t\t\t\t\t\t<\/span>\n\t\t<\/div>\n\t\t\t\t\t\t<\/div>\n\t\t\t\t<\/div>\n\t\t\t\t<div class=\"elementor-element elementor-element-75af166 elementor-widget__width-initial elementor-widget-tablet__width-inherit elementor-widget elementor-widget-heading\" data-id=\"75af166\" data-element_type=\"widget\" data-e-type=\"widget\" data-widget_type=\"heading.default\">\n\t\t\t\t<div class=\"elementor-widget-container\">\n\t\t\t\t\t<h1 class=\"elementor-heading-title elementor-size-default\">PROGRAMA DE FORMACI\u00d3N<\/h1>\t\t\t\t<\/div>\n\t\t\t\t<\/div>\n\t\t\t\t<div class=\"elementor-element elementor-element-32d86434 elementor-widget__width-initial elementor-widget-tablet__width-inherit elementor-widget elementor-widget-text-editor\" data-id=\"32d86434\" data-element_type=\"widget\" data-e-type=\"widget\" data-widget_type=\"text-editor.default\">\n\t\t\t\t<div class=\"elementor-widget-container\">\n\t\t\t\t\t\t\t\t\t<p>Como ya hemos mencionado, brindamos a nuestros socios el mejor soporte y ayuda posible, y la capacitaci\u00f3n sobre nuestros productos es uno de ellos. A continuaci\u00f3n, presentamos todos nuestros planes de capacitaci\u00f3n recientes para ayudar a nuestros socios a comprender mejor la informaci\u00f3n de nuestros productos y c\u00f3mo utilizarlos.<\/p>\t\t\t\t\t\t\t\t<\/div>\n\t\t\t\t<\/div>\n\t\t\t\t<\/div>\n\t\t\t\t<\/div>\n\t\t<div class=\"elementor-element elementor-element-6e7a4d48 e-flex e-con-boxed e-con e-parent\" data-id=\"6e7a4d48\" data-element_type=\"container\" data-e-type=\"container\">\n\t\t\t\t\t<div class=\"e-con-inner\">\n\t\t\t\t<div class=\"elementor-element elementor-element-5af82a0e elementor-grid-2 elementor-grid-tablet-2 elementor-grid-mobile-1 elementor-posts--thumbnail-top elementor-card-shadow-yes elementor-posts__hover-gradient elementor-widget elementor-widget-posts\" data-id=\"5af82a0e\" data-element_type=\"widget\" data-e-type=\"widget\" data-settings=\"{&quot;cards_columns&quot;:&quot;2&quot;,&quot;cards_columns_tablet&quot;:&quot;2&quot;,&quot;cards_columns_mobile&quot;:&quot;1&quot;,&quot;cards_row_gap&quot;:{&quot;unit&quot;:&quot;px&quot;,&quot;size&quot;:35,&quot;sizes&quot;:[]},&quot;cards_row_gap_tablet&quot;:{&quot;unit&quot;:&quot;px&quot;,&quot;size&quot;:&quot;&quot;,&quot;sizes&quot;:[]},&quot;cards_row_gap_mobile&quot;:{&quot;unit&quot;:&quot;px&quot;,&quot;size&quot;:&quot;&quot;,&quot;sizes&quot;:[]}}\" data-widget_type=\"posts.cards\">\n\t\t\t\t<div class=\"elementor-widget-container\">\n\t\t\t\t\t\t\t<div class=\"elementor-posts-container elementor-posts elementor-posts--skin-cards elementor-grid\" role=\"list\">\n\t\t\t\t<article class=\"elementor-post elementor-grid-item post-21263 post type-post status-publish format-standard has-post-thumbnail hentry category-blog\" role=\"listitem\">\n\t\t\t<div class=\"elementor-post__card\">\n\t\t\t\t<a class=\"elementor-post__thumbnail__link\" href=\"https:\/\/es.chisagess.com\/index.php\/2024\/10\/03\/kim-jest-grupa-chisage\/\" tabindex=\"-1\" ><div class=\"elementor-post__thumbnail\"><img fetchpriority=\"high\" decoding=\"async\" width=\"300\" height=\"300\" src=\"https:\/\/es.chisagess.com\/wp-content\/uploads\/2024\/10\/CHISAGE-ESS-Product-Family-31-300x300.jpg\" class=\"attachment-medium size-medium wp-image-21267\" alt=\"CHISAGE ESS Product Family-3(1)\" srcset=\"https:\/\/es.chisagess.com\/wp-content\/uploads\/2024\/10\/CHISAGE-ESS-Product-Family-31-300x300.jpg 300w, https:\/\/es.chisagess.com\/wp-content\/uploads\/2024\/10\/CHISAGE-ESS-Product-Family-31-150x150.jpg 150w, https:\/\/es.chisagess.com\/wp-content\/uploads\/2024\/10\/CHISAGE-ESS-Product-Family-31-768x768.jpg 768w, https:\/\/es.chisagess.com\/wp-content\/uploads\/2024\/10\/CHISAGE-ESS-Product-Family-31.jpg 816w\" sizes=\"(max-width: 300px) 100vw, 300px\" \/><\/div><\/a>\n\t\t\t\t<div class=\"elementor-post__badge\">Blog<\/div>\n\t\t\t\t<div class=\"elementor-post__text\">\n\t\t\t\t<h3 class=\"elementor-post__title\">\n\t\t\t<a href=\"https:\/\/es.chisagess.com\/index.php\/2024\/10\/03\/kim-jest-grupa-chisage\/\" >\n\t\t\t\t\u00bfQui\u00e9nes son el grupo CHISAGE?\t\t\t<\/a>\n\t\t<\/h3>\n\t\t\n\t\t<a class=\"elementor-post__read-more\" href=\"https:\/\/es.chisagess.com\/index.php\/2024\/10\/03\/kim-jest-grupa-chisage\/\" aria-label=\"Read more about \u00bfQui\u00e9nes son el grupo CHISAGE?\" tabindex=\"-1\" >\n\t\t\tLeer m\u00e1s \u00bb\t\t<\/a>\n\n\t\t\t\t<\/div>\n\t\t\t\t\t<\/div>\n\t\t<\/article>\n\t\t\t\t<article class=\"elementor-post elementor-grid-item post-20171 post type-post status-publish format-standard has-post-thumbnail hentry category-blog\" role=\"listitem\">\n\t\t\t<div class=\"elementor-post__card\">\n\t\t\t\t<a class=\"elementor-post__thumbnail__link\" href=\"https:\/\/es.chisagess.com\/index.php\/2024\/03\/14\/goraca-sprzedaz-jednofazowy-hybrydowy-falownik-niskonapieciowy-z-serii-jup-o-mocy-3-10-kw\/\" tabindex=\"-1\" ><div class=\"elementor-post__thumbnail\"><img decoding=\"async\" width=\"300\" height=\"300\" src=\"https:\/\/es.chisagess.com\/wp-content\/uploads\/2024\/03\/20240314-Jup-series-3-10kW-low-voltage-single-phase-energy-storage-inverter-011-300x300.jpg\" class=\"attachment-medium size-medium wp-image-20148\" alt=\"\" srcset=\"https:\/\/es.chisagess.com\/wp-content\/uploads\/2024\/03\/20240314-Jup-series-3-10kW-low-voltage-single-phase-energy-storage-inverter-011-300x300.jpg 300w, https:\/\/es.chisagess.com\/wp-content\/uploads\/2024\/03\/20240314-Jup-series-3-10kW-low-voltage-single-phase-energy-storage-inverter-011-150x150.jpg 150w, https:\/\/es.chisagess.com\/wp-content\/uploads\/2024\/03\/20240314-Jup-series-3-10kW-low-voltage-single-phase-energy-storage-inverter-011-768x768.jpg 768w, https:\/\/es.chisagess.com\/wp-content\/uploads\/2024\/03\/20240314-Jup-series-3-10kW-low-voltage-single-phase-energy-storage-inverter-011.jpg 1000w\" sizes=\"(max-width: 300px) 100vw, 300px\" \/><\/div><\/a>\n\t\t\t\t<div class=\"elementor-post__badge\">Blog<\/div>\n\t\t\t\t<div class=\"elementor-post__text\">\n\t\t\t\t<h3 class=\"elementor-post__title\">\n\t\t\t<a href=\"https:\/\/es.chisagess.com\/index.php\/2024\/03\/14\/goraca-sprzedaz-jednofazowy-hybrydowy-falownik-niskonapieciowy-z-serii-jup-o-mocy-3-10-kw\/\" >\n\t\t\t\tGran oferta | Inversor h\u00edbrido monof\u00e1sico de baja tensi\u00f3n serie Jup de 3 a 10 kW\t\t\t<\/a>\n\t\t<\/h3>\n\t\t\n\t\t<a class=\"elementor-post__read-more\" href=\"https:\/\/es.chisagess.com\/index.php\/2024\/03\/14\/goraca-sprzedaz-jednofazowy-hybrydowy-falownik-niskonapieciowy-z-serii-jup-o-mocy-3-10-kw\/\" aria-label=\"Read more about Gran oferta | Inversor h\u00edbrido monof\u00e1sico de baja tensi\u00f3n serie Jup de 3 a 10 kW\" tabindex=\"-1\" >\n\t\t\tLeer m\u00e1s \u00bb\t\t<\/a>\n\n\t\t\t\t<\/div>\n\t\t\t\t\t<\/div>\n\t\t<\/article>\n\t\t\t\t<\/div>\n\t\t\n\t\t\t\t\t\t<\/div>\n\t\t\t\t<\/div>\n\t\t\t\t\t<\/div>\n\t\t\t\t<\/div>\n\t\t<div class=\"elementor-element elementor-element-7200a0fc e-flex e-con-boxed e-con e-parent\" data-id=\"7200a0fc\" data-element_type=\"container\" data-e-type=\"container\">\n\t\t\t\t\t<div class=\"e-con-inner\">\n\t\t\t\t<div class=\"elementor-element elementor-element-1e5a861f elementor-grid-3 elementor-grid-tablet-2 elementor-grid-mobile-1 elementor-posts--thumbnail-top elementor-card-shadow-yes elementor-posts__hover-gradient elementor-widget elementor-widget-posts\" data-id=\"1e5a861f\" data-element_type=\"widget\" data-e-type=\"widget\" data-settings=\"{&quot;cards_columns&quot;:&quot;3&quot;,&quot;cards_columns_tablet&quot;:&quot;2&quot;,&quot;cards_columns_mobile&quot;:&quot;1&quot;,&quot;cards_row_gap&quot;:{&quot;unit&quot;:&quot;px&quot;,&quot;size&quot;:35,&quot;sizes&quot;:[]},&quot;cards_row_gap_tablet&quot;:{&quot;unit&quot;:&quot;px&quot;,&quot;size&quot;:&quot;&quot;,&quot;sizes&quot;:[]},&quot;cards_row_gap_mobile&quot;:{&quot;unit&quot;:&quot;px&quot;,&quot;size&quot;:&quot;&quot;,&quot;sizes&quot;:[]}}\" data-widget_type=\"posts.cards\">\n\t\t\t\t<div class=\"elementor-widget-container\">\n\t\t\t\t\t\t\t<div class=\"elementor-posts-container elementor-posts elementor-posts--skin-cards elementor-grid\" role=\"list\">\n\t\t\t\t<article class=\"elementor-post elementor-grid-item post-21263 post type-post status-publish format-standard has-post-thumbnail hentry category-blog\" role=\"listitem\">\n\t\t\t<div class=\"elementor-post__card\">\n\t\t\t\t<a class=\"elementor-post__thumbnail__link\" href=\"https:\/\/es.chisagess.com\/index.php\/2024\/10\/03\/kim-jest-grupa-chisage\/\" tabindex=\"-1\" ><div class=\"elementor-post__thumbnail\"><img fetchpriority=\"high\" decoding=\"async\" width=\"300\" height=\"300\" src=\"https:\/\/es.chisagess.com\/wp-content\/uploads\/2024\/10\/CHISAGE-ESS-Product-Family-31-300x300.jpg\" class=\"attachment-medium size-medium wp-image-21267\" alt=\"CHISAGE ESS Product Family-3(1)\" srcset=\"https:\/\/es.chisagess.com\/wp-content\/uploads\/2024\/10\/CHISAGE-ESS-Product-Family-31-300x300.jpg 300w, https:\/\/es.chisagess.com\/wp-content\/uploads\/2024\/10\/CHISAGE-ESS-Product-Family-31-150x150.jpg 150w, https:\/\/es.chisagess.com\/wp-content\/uploads\/2024\/10\/CHISAGE-ESS-Product-Family-31-768x768.jpg 768w, https:\/\/es.chisagess.com\/wp-content\/uploads\/2024\/10\/CHISAGE-ESS-Product-Family-31.jpg 816w\" sizes=\"(max-width: 300px) 100vw, 300px\" \/><\/div><\/a>\n\t\t\t\t<div class=\"elementor-post__badge\">Blog<\/div>\n\t\t\t\t<div class=\"elementor-post__text\">\n\t\t\t\t<h3 class=\"elementor-post__title\">\n\t\t\t<a href=\"https:\/\/es.chisagess.com\/index.php\/2024\/10\/03\/kim-jest-grupa-chisage\/\" >\n\t\t\t\t\u00bfQui\u00e9nes son el grupo CHISAGE?\t\t\t<\/a>\n\t\t<\/h3>\n\t\t\n\t\t<a class=\"elementor-post__read-more\" href=\"https:\/\/es.chisagess.com\/index.php\/2024\/10\/03\/kim-jest-grupa-chisage\/\" aria-label=\"Read more about \u00bfQui\u00e9nes son el grupo CHISAGE?\" tabindex=\"-1\" >\n\t\t\tLeer m\u00e1s \u00bb\t\t<\/a>\n\n\t\t\t\t<\/div>\n\t\t\t\t\t<\/div>\n\t\t<\/article>\n\t\t\t\t<article class=\"elementor-post elementor-grid-item post-20171 post type-post status-publish format-standard has-post-thumbnail hentry category-blog\" role=\"listitem\">\n\t\t\t<div class=\"elementor-post__card\">\n\t\t\t\t<a class=\"elementor-post__thumbnail__link\" href=\"https:\/\/es.chisagess.com\/index.php\/2024\/03\/14\/goraca-sprzedaz-jednofazowy-hybrydowy-falownik-niskonapieciowy-z-serii-jup-o-mocy-3-10-kw\/\" tabindex=\"-1\" ><div class=\"elementor-post__thumbnail\"><img decoding=\"async\" width=\"300\" height=\"300\" src=\"https:\/\/es.chisagess.com\/wp-content\/uploads\/2024\/03\/20240314-Jup-series-3-10kW-low-voltage-single-phase-energy-storage-inverter-011-300x300.jpg\" class=\"attachment-medium size-medium wp-image-20148\" alt=\"\" srcset=\"https:\/\/es.chisagess.com\/wp-content\/uploads\/2024\/03\/20240314-Jup-series-3-10kW-low-voltage-single-phase-energy-storage-inverter-011-300x300.jpg 300w, https:\/\/es.chisagess.com\/wp-content\/uploads\/2024\/03\/20240314-Jup-series-3-10kW-low-voltage-single-phase-energy-storage-inverter-011-150x150.jpg 150w, https:\/\/es.chisagess.com\/wp-content\/uploads\/2024\/03\/20240314-Jup-series-3-10kW-low-voltage-single-phase-energy-storage-inverter-011-768x768.jpg 768w, https:\/\/es.chisagess.com\/wp-content\/uploads\/2024\/03\/20240314-Jup-series-3-10kW-low-voltage-single-phase-energy-storage-inverter-011.jpg 1000w\" sizes=\"(max-width: 300px) 100vw, 300px\" \/><\/div><\/a>\n\t\t\t\t<div class=\"elementor-post__badge\">Blog<\/div>\n\t\t\t\t<div class=\"elementor-post__text\">\n\t\t\t\t<h3 class=\"elementor-post__title\">\n\t\t\t<a href=\"https:\/\/es.chisagess.com\/index.php\/2024\/03\/14\/goraca-sprzedaz-jednofazowy-hybrydowy-falownik-niskonapieciowy-z-serii-jup-o-mocy-3-10-kw\/\" >\n\t\t\t\tGran oferta | Inversor h\u00edbrido monof\u00e1sico de baja tensi\u00f3n serie Jup de 3 a 10 kW\t\t\t<\/a>\n\t\t<\/h3>\n\t\t\n\t\t<a class=\"elementor-post__read-more\" href=\"https:\/\/es.chisagess.com\/index.php\/2024\/03\/14\/goraca-sprzedaz-jednofazowy-hybrydowy-falownik-niskonapieciowy-z-serii-jup-o-mocy-3-10-kw\/\" aria-label=\"Read more about Gran oferta | Inversor h\u00edbrido monof\u00e1sico de baja tensi\u00f3n serie Jup de 3 a 10 kW\" tabindex=\"-1\" >\n\t\t\tLeer m\u00e1s \u00bb\t\t<\/a>\n\n\t\t\t\t<\/div>\n\t\t\t\t\t<\/div>\n\t\t<\/article>\n\t\t\t\t<article class=\"elementor-post elementor-grid-item post-20169 post type-post status-publish format-standard has-post-thumbnail hentry category-blog\" role=\"listitem\">\n\t\t\t<div class=\"elementor-post__card\">\n\t\t\t\t<a class=\"elementor-post__thumbnail__link\" href=\"https:\/\/es.chisagess.com\/index.php\/2024\/03\/04\/dalsze-postepy-we-wloszech-chisage-ess-na-key-energy-2024\/\" tabindex=\"-1\" ><div class=\"elementor-post__thumbnail\"><img decoding=\"async\" width=\"300\" height=\"300\" src=\"https:\/\/es.chisagess.com\/wp-content\/uploads\/2024\/03\/20240304-CHISAGE-ESS-at-KEY-ENERGY-2024-043-300x300.jpg\" class=\"attachment-medium size-medium wp-image-20145\" alt=\"\" srcset=\"https:\/\/es.chisagess.com\/wp-content\/uploads\/2024\/03\/20240304-CHISAGE-ESS-at-KEY-ENERGY-2024-043-300x300.jpg 300w, https:\/\/es.chisagess.com\/wp-content\/uploads\/2024\/03\/20240304-CHISAGE-ESS-at-KEY-ENERGY-2024-043-150x150.jpg 150w, https:\/\/es.chisagess.com\/wp-content\/uploads\/2024\/03\/20240304-CHISAGE-ESS-at-KEY-ENERGY-2024-043-768x768.jpg 768w, https:\/\/es.chisagess.com\/wp-content\/uploads\/2024\/03\/20240304-CHISAGE-ESS-at-KEY-ENERGY-2024-043.jpg 1000w\" sizes=\"(max-width: 300px) 100vw, 300px\" \/><\/div><\/a>\n\t\t\t\t<div class=\"elementor-post__badge\">Blog<\/div>\n\t\t\t\t<div class=\"elementor-post__text\">\n\t\t\t\t<h3 class=\"elementor-post__title\">\n\t\t\t<a href=\"https:\/\/es.chisagess.com\/index.php\/2024\/03\/04\/dalsze-postepy-we-wloszech-chisage-ess-na-key-energy-2024\/\" >\n\t\t\t\tMayores avances en Italia | CHISAGE ESS en KEY ENERGY 2024\t\t\t<\/a>\n\t\t<\/h3>\n\t\t\n\t\t<a class=\"elementor-post__read-more\" href=\"https:\/\/es.chisagess.com\/index.php\/2024\/03\/04\/dalsze-postepy-we-wloszech-chisage-ess-na-key-energy-2024\/\" aria-label=\"Read more about Mayores avances en Italia | CHISAGE ESS en KEY ENERGY 2024\" tabindex=\"-1\" >\n\t\t\tLeer m\u00e1s \u00bb\t\t<\/a>\n\n\t\t\t\t<\/div>\n\t\t\t\t\t<\/div>\n\t\t<\/article>\n\t\t\t\t<article class=\"elementor-post elementor-grid-item post-20167 post type-post status-publish format-standard has-post-thumbnail hentry category-blog\" role=\"listitem\">\n\t\t\t<div class=\"elementor-post__card\">\n\t\t\t\t<a class=\"elementor-post__thumbnail__link\" href=\"https:\/\/es.chisagess.com\/index.php\/2024\/02\/19\/przeglad-wystawy-zblizanie-sie-do-iraku-z-chisage-ess\/\" tabindex=\"-1\" ><div class=\"elementor-post__thumbnail\"><img loading=\"lazy\" decoding=\"async\" width=\"300\" height=\"300\" src=\"https:\/\/es.chisagess.com\/wp-content\/uploads\/2024\/03\/20240219-Approaching-Iraq-with-CHISAGE-ESS-01-211-300x300.jpg\" class=\"attachment-medium size-medium wp-image-20144\" alt=\"\" srcset=\"https:\/\/es.chisagess.com\/wp-content\/uploads\/2024\/03\/20240219-Approaching-Iraq-with-CHISAGE-ESS-01-211-300x300.jpg 300w, https:\/\/es.chisagess.com\/wp-content\/uploads\/2024\/03\/20240219-Approaching-Iraq-with-CHISAGE-ESS-01-211-150x150.jpg 150w, https:\/\/es.chisagess.com\/wp-content\/uploads\/2024\/03\/20240219-Approaching-Iraq-with-CHISAGE-ESS-01-211-768x768.jpg 768w, https:\/\/es.chisagess.com\/wp-content\/uploads\/2024\/03\/20240219-Approaching-Iraq-with-CHISAGE-ESS-01-211.jpg 1000w\" sizes=\"(max-width: 300px) 100vw, 300px\" \/><\/div><\/a>\n\t\t\t\t<div class=\"elementor-post__badge\">Blog<\/div>\n\t\t\t\t<div class=\"elementor-post__text\">\n\t\t\t\t<h3 class=\"elementor-post__title\">\n\t\t\t<a href=\"https:\/\/es.chisagess.com\/index.php\/2024\/02\/19\/przeglad-wystawy-zblizanie-sie-do-iraku-z-chisage-ess\/\" >\n\t\t\t\tResumen de la exposici\u00f3n | Acerc\u00e1ndonos a Irak con CHISAGE ESS\t\t\t<\/a>\n\t\t<\/h3>\n\t\t\n\t\t<a class=\"elementor-post__read-more\" href=\"https:\/\/es.chisagess.com\/index.php\/2024\/02\/19\/przeglad-wystawy-zblizanie-sie-do-iraku-z-chisage-ess\/\" aria-label=\"Read more about Resumen de la exposici\u00f3n | Acerc\u00e1ndonos a Irak con CHISAGE ESS\" tabindex=\"-1\" >\n\t\t\tLeer m\u00e1s \u00bb\t\t<\/a>\n\n\t\t\t\t<\/div>\n\t\t\t\t\t<\/div>\n\t\t<\/article>\n\t\t\t\t<article class=\"elementor-post elementor-grid-item post-20165 post type-post status-publish format-standard has-post-thumbnail hentry category-blog\" role=\"listitem\">\n\t\t\t<div class=\"elementor-post__card\">\n\t\t\t\t<a class=\"elementor-post__thumbnail__link\" href=\"https:\/\/es.chisagess.com\/index.php\/2024\/02\/10\/skoncentruj-sie-na-republice-poludniowej-afryki-poznaj-chisage-ess-w-solar-power-africa\/\" tabindex=\"-1\" ><div class=\"elementor-post__thumbnail\"><img loading=\"lazy\" decoding=\"async\" width=\"300\" height=\"300\" src=\"https:\/\/es.chisagess.com\/wp-content\/uploads\/2024\/03\/20240213-Meet-CHISAGE-ESS-at-Solar-Power-Africa-012-300x300.jpg\" class=\"attachment-medium size-medium wp-image-20143\" alt=\"\" srcset=\"https:\/\/es.chisagess.com\/wp-content\/uploads\/2024\/03\/20240213-Meet-CHISAGE-ESS-at-Solar-Power-Africa-012-300x300.jpg 300w, https:\/\/es.chisagess.com\/wp-content\/uploads\/2024\/03\/20240213-Meet-CHISAGE-ESS-at-Solar-Power-Africa-012-150x150.jpg 150w, https:\/\/es.chisagess.com\/wp-content\/uploads\/2024\/03\/20240213-Meet-CHISAGE-ESS-at-Solar-Power-Africa-012-768x768.jpg 768w, https:\/\/es.chisagess.com\/wp-content\/uploads\/2024\/03\/20240213-Meet-CHISAGE-ESS-at-Solar-Power-Africa-012.jpg 1000w\" sizes=\"(max-width: 300px) 100vw, 300px\" \/><\/div><\/a>\n\t\t\t\t<div class=\"elementor-post__badge\">Blog<\/div>\n\t\t\t\t<div class=\"elementor-post__text\">\n\t\t\t\t<h3 class=\"elementor-post__title\">\n\t\t\t<a href=\"https:\/\/es.chisagess.com\/index.php\/2024\/02\/10\/skoncentruj-sie-na-republice-poludniowej-afryki-poznaj-chisage-ess-w-solar-power-africa\/\" >\n\t\t\t\tEnfoque en Sud\u00e1frica | Descubra CHISAGE ESS en Solar Power Africa\t\t\t<\/a>\n\t\t<\/h3>\n\t\t\n\t\t<a class=\"elementor-post__read-more\" href=\"https:\/\/es.chisagess.com\/index.php\/2024\/02\/10\/skoncentruj-sie-na-republice-poludniowej-afryki-poznaj-chisage-ess-w-solar-power-africa\/\" aria-label=\"Read more about Enfoque en Sud\u00e1frica | Descubra CHISAGE ESS en Solar Power Africa\" tabindex=\"-1\" >\n\t\t\tLeer m\u00e1s \u00bb\t\t<\/a>\n\n\t\t\t\t<\/div>\n\t\t\t\t\t<\/div>\n\t\t<\/article>\n\t\t\t\t<article class=\"elementor-post elementor-grid-item post-20155 post type-post status-publish format-standard has-post-thumbnail hentry category-blog\" role=\"listitem\">\n\t\t\t<div class=\"elementor-post__card\">\n\t\t\t\t<a class=\"elementor-post__thumbnail__link\" href=\"https:\/\/es.chisagess.com\/index.php\/2024\/01\/31\/najwazniejsze-wydarzenia-gali-noworocznej-chisage-ess-2024\/\" tabindex=\"-1\" ><div class=\"elementor-post__thumbnail\"><img loading=\"lazy\" decoding=\"async\" width=\"300\" height=\"300\" src=\"https:\/\/es.chisagess.com\/wp-content\/uploads\/2024\/03\/CHISAGE-ESS-2024-New-Year-Gala-Highlights-03-2-300x300.jpg\" class=\"attachment-medium size-medium wp-image-20142\" alt=\"\" srcset=\"https:\/\/es.chisagess.com\/wp-content\/uploads\/2024\/03\/CHISAGE-ESS-2024-New-Year-Gala-Highlights-03-2-300x300.jpg 300w, https:\/\/es.chisagess.com\/wp-content\/uploads\/2024\/03\/CHISAGE-ESS-2024-New-Year-Gala-Highlights-03-2-150x150.jpg 150w, https:\/\/es.chisagess.com\/wp-content\/uploads\/2024\/03\/CHISAGE-ESS-2024-New-Year-Gala-Highlights-03-2-768x768.jpg 768w, https:\/\/es.chisagess.com\/wp-content\/uploads\/2024\/03\/CHISAGE-ESS-2024-New-Year-Gala-Highlights-03-2.jpg 1000w\" sizes=\"(max-width: 300px) 100vw, 300px\" \/><\/div><\/a>\n\t\t\t\t<div class=\"elementor-post__badge\">Blog<\/div>\n\t\t\t\t<div class=\"elementor-post__text\">\n\t\t\t\t<h3 class=\"elementor-post__title\">\n\t\t\t<a href=\"https:\/\/es.chisagess.com\/index.php\/2024\/01\/31\/najwazniejsze-wydarzenia-gali-noworocznej-chisage-ess-2024\/\" >\n\t\t\t\tMomentos destacados de la Gala de A\u00f1o Nuevo CHISAGE ESS 2024\t\t\t<\/a>\n\t\t<\/h3>\n\t\t\n\t\t<a class=\"elementor-post__read-more\" href=\"https:\/\/es.chisagess.com\/index.php\/2024\/01\/31\/najwazniejsze-wydarzenia-gali-noworocznej-chisage-ess-2024\/\" aria-label=\"Read more about Momentos destacados de la Gala de A\u00f1o Nuevo CHISAGE ESS 2024\" tabindex=\"-1\" >\n\t\t\tLeer m\u00e1s \u00bb\t\t<\/a>\n\n\t\t\t\t<\/div>\n\t\t\t\t\t<\/div>\n\t\t<\/article>\n\t\t\t\t<\/div>\n\t\t\n\t\t\t\t\t\t<\/div>\n\t\t\t\t<\/div>\n\t\t\t\t\t<\/div>\n\t\t\t\t<\/div>\n\t\t\t\t<\/div>\n\t\t","protected":false},"excerpt":{"rendered":"<p>PROGRAMA DE FORMACI\u00d3N Como ya hemos mencionado, brindam<\/p>\n","protected":false},"author":1,"featured_media":0,"parent":0,"menu_order":0,"comment_status":"closed","ping_status":"closed","template":"","meta":{"site-sidebar-layout":"no-sidebar","site-content-layout":"page-builder","ast-site-content-layout":"full-width-container","site-content-style":"default","site-sidebar-style":"default","ast-global-header-display":"","ast-banner-title-visibility":"","ast-main-header-display":"","ast-hfb-above-header-display":"","ast-hfb-below-header-display":"","ast-hfb-mobile-header-display":"","site-post-title":"disabled","ast-breadcrumbs-content":"","ast-featured-img":"disabled","footer-sml-layout":"","ast-disable-related-posts":"","theme-transparent-header-meta":"default","adv-header-id-meta":"","stick-header-meta":"default","header-above-stick-meta":"","header-main-stick-meta":"","header-below-stick-meta":"","astra-migrate-meta-layouts":"set","ast-page-background-enabled":"default","ast-page-background-meta":{"desktop":{"background-color":"","background-image":"","background-repeat":"repeat","background-position":"center center","background-size":"auto","background-attachment":"scroll","background-type":"","background-media":"","overlay-type":"","overlay-color":"","overlay-opacity":"","overlay-gradient":""},"tablet":{"background-color":"","background-image":"","background-repeat":"repeat","background-position":"center center","background-size":"auto","background-attachment":"scroll","background-type":"","background-media":"","overlay-type":"","overlay-color":"","overlay-opacity":"","overlay-gradient":""},"mobile":{"background-color":"","background-image":"","background-repeat":"repeat","background-position":"center center","background-size":"auto","background-attachment":"scroll","background-type":"","background-media":"","overlay-type":"","overlay-color":"","overlay-opacity":"","overlay-gradient":""}},"ast-content-background-meta":{"desktop":{"background-color":"var(--ast-global-color-5)","background-image":"","background-repeat":"repeat","background-position":"center center","background-size":"auto","background-attachment":"scroll","background-type":"","background-media":"","overlay-type":"","overlay-color":"","overlay-opacity":"","overlay-gradient":""},"tablet":{"background-color":"var(--ast-global-color-5)","background-image":"","background-repeat":"repeat","background-position":"center center","background-size":"auto","background-attachment":"scroll","background-type":"","background-media":"","overlay-type":"","overlay-color":"","overlay-opacity":"","overlay-gradient":""},"mobile":{"background-color":"var(--ast-global-color-5)","background-image":"","background-repeat":"repeat","background-position":"center center","background-size":"auto","background-attachment":"scroll","background-type":"","background-media":"","overlay-type":"","overlay-color":"","overlay-opacity":"","overlay-gradient":""}},"footnotes":""},"class_list":["post-21846","page","type-page","status-publish","hentry"],"_links":{"self":[{"href":"https:\/\/es.chisagess.com\/index.php\/wp-json\/wp\/v2\/pages\/21846","targetHints":{"allow":["GET"]}}],"collection":[{"href":"https:\/\/es.chisagess.com\/index.php\/wp-json\/wp\/v2\/pages"}],"about":[{"href":"https:\/\/es.chisagess.com\/index.php\/wp-json\/wp\/v2\/types\/page"}],"author":[{"embeddable":true,"href":"https:\/\/es.chisagess.com\/index.php\/wp-json\/wp\/v2\/users\/1"}],"replies":[{"embeddable":true,"href":"https:\/\/es.chisagess.com\/index.php\/wp-json\/wp\/v2\/comments?post=21846"}],"version-history":[{"count":14,"href":"https:\/\/es.chisagess.com\/index.php\/wp-json\/wp\/v2\/pages\/21846\/revisions"}],"predecessor-version":[{"id":22955,"href":"https:\/\/es.chisagess.com\/index.php\/wp-json\/wp\/v2\/pages\/21846\/revisions\/22955"}],"wp:attachment":[{"href":"https:\/\/es.chisagess.com\/index.php\/wp-json\/wp\/v2\/media?parent=21846"}],"curies":[{"name":"wp","href":"https:\/\/api.w.org\/{rel}","templated":true}]}}